{"id":8012,"date":"2022-05-12T17:55:53","date_gmt":"2022-05-12T15:55:28","guid":{"rendered":"https:\/\/abbet.be\/post-intervensions-pour-conseillers-en-prevention\/"},"modified":"2026-01-19T14:23:15","modified_gmt":"2026-01-19T13:23:15","slug":"supervisies-en-intervisies","status":"publish","type":"page","link":"https:\/\/abbet.be\/nl\/services\/formation\/supervisions-et-intervisions\/","title":{"rendered":"Supervisies en intervisies"},"content":{"rendered":"<div class=\"wp-block-columns alignwide is-layout-flex wp-container-core-columns-is-layout-28f84493 wp-block-columns-is-layout-flex\">\n<div class=\"wp-block-column has-central-palette-2-background-color has-text-color has-background has-link-color wp-elements-dfb82f6b6e8fb7fa346c54ea841c3da4 is-layout-flow wp-block-column-is-layout-flow\" style=\"color:#000000;padding-top:2em;padding-right:2em;padding-bottom:2em;padding-left:2em\">\n<h4 class=\"wp-block-heading has-central-palette-3-color has-text-color\" id=\"family\" style=\"font-size:28px\"><strong>INTERVISIE POSTANALYSE RISICO'S<\/strong><\/h4>\n\n\n\n<p>We hebben de afgelopen jaren (2023 en 2024) een risicoanalyse binnen uw instelling uitgevoerd. Deze analyse, die zowel alomvattend als psychosociaal van aard was, had als doel de te implementeren maatregelen en de te nemen acties te identificeren om het preventiebeleid te versterken.<\/p>\n\n\n\n<p>Dit interview is bedoeld om de tijd te nemen om de risicoanalyse die binnen uw instelling is uitgevoerd te evalueren en te bespreken met ABBET-adviseurs en andere belanghebbenden op het gebied van preventie in de vrijwilligerssector: wat zijn de vorderingen, maar ook de obstakels of obstakels die u bent tegengekomen het preventieplan uitvoeren of monitoren? Wat zijn de mogelijke wegen om de monitoring te verbeteren en het preventiebeleid te versterken? <\/p>\n\n\n\n<div class=\"wp-block-buttons is-content-justification-center is-layout-flex wp-container-core-buttons-is-layout-a89b3969 wp-block-buttons-is-layout-flex\">\n<div class=\"wp-block-button\"><a class=\"wp-block-button__link has-central-palette-3-color has-central-palette-4-background-color has-text-color has-background has-link-color has-text-align-center wp-element-button\" href=\"https:\/\/abbet.be\/nl\/dagboek\/\">Registraties<\/a><\/div>\n<\/div>\n<\/div>\n<\/div>\n\n\n\n<div class=\"wp-block-columns alignwide is-layout-flex wp-container-core-columns-is-layout-28f84493 wp-block-columns-is-layout-flex\">\n<div class=\"wp-block-column has-central-palette-2-background-color has-text-color has-background has-link-color wp-elements-eda81c17254f08da2e2d3cc4c5a049cd is-layout-flow wp-block-column-is-layout-flow\" style=\"color:#000000;padding-top:2em;padding-right:2em;padding-bottom:2em;padding-left:2em\">\n<h4 class=\"wp-block-heading has-central-palette-3-color has-text-color\" id=\"family\" style=\"font-size:28px\"><strong>INTERVISIE-ADVISEUR IN PREVENTIE<\/strong><\/h4>\n\n\n\n<p>Het doel van deze intervisie is om preventieadviseurs van verschillende instellingen samen te brengen om de functie van preventieadviseur zelf te bespreken. Het is een moment van delen tussen ervaringen en ervaringen van elkaar.<\/p>\n\n\n\n<p>Het is een kwestie van uitgaan van de realiteit van het werk van iedereen om advies, suggesties en goede praktijken uit te wisselen om je werk als preventieadviseur zo goed mogelijk uit te voeren.<\/p>\n\n\n\n<div class=\"wp-block-buttons is-content-justification-center is-layout-flex wp-container-core-buttons-is-layout-a89b3969 wp-block-buttons-is-layout-flex\">\n<div class=\"wp-block-button\"><a class=\"wp-block-button__link has-central-palette-3-color has-central-palette-4-background-color has-text-color has-background has-link-color has-text-align-center wp-element-button\" href=\"https:\/\/catalogueformaction.be\/formations\/intervisions-pour-conseiller-en-prevention\" target=\"_blank\" rel=\"noopener noreferrer nofollow\">Registratie via FormAction<\/a><\/div>\n<\/div>\n<\/div>\n<\/div>\n\n\n\n<div class=\"wp-block-columns alignwide is-layout-flex wp-container-core-columns-is-layout-28f84493 wp-block-columns-is-layout-flex\">\n<div class=\"wp-block-column has-central-palette-2-background-color has-text-color has-background has-link-color wp-elements-f48745e2123dbba02a6f90d7189aef4f is-layout-flow wp-block-column-is-layout-flow\" style=\"color:#000000;padding-top:2em;padding-right:2em;padding-bottom:2em;padding-left:2em\">\n<h4 class=\"wp-block-heading has-central-palette-3-color has-text-color\" id=\"family\" style=\"font-size:28px\"><strong>INTERVISIE VOOR VERTROUWDE PERSOON<\/strong><\/h4>\n\n\n\n<p>De vertrouwenspersoon speelt een sleutelrol bij het voorkomen van psychosociale risico&#039;s en kan werknemers daadwerkelijk ondersteunen. Het kan echter ook zo zijn dat de vertrouwenspersoon zelf niet over de nodige steun en middelen beschikt om met de situaties om te gaan die hij of zij tegenkomt. Dit is inderdaad een functie die vaak ge\u00efsoleerd is en veel vragen oproept: wat zijn de grenzen ervan? Welke ondersteuning kan zij gebruiken? Hoe moet je handelen in bepaalde complexe relationele situaties? enz.<\/p>\n\n\n\n<p><br>Bovenal biedt intervisie vertrouwde mensen de mogelijkheid om de &#039;eenzaamheid&#039; van het beroep te doorbreken, om vragen te stellen, een stap terug te doen en met vakgenoten van gedachten te wisselen over hun praktijk en de moeilijkheden die ze zijn tegengekomen, en om<br>en nieuwe hulpmiddelen en bronnen om hun rol te versterken.<br><\/p>\n\n\n\n<div class=\"wp-block-buttons is-content-justification-center is-layout-flex wp-container-core-buttons-is-layout-a89b3969 wp-block-buttons-is-layout-flex\">\n<div class=\"wp-block-button\"><a class=\"wp-block-button__link has-central-palette-3-color has-central-palette-4-background-color has-text-color has-background has-link-color has-text-align-center wp-element-button\" href=\"https:\/\/catalogueformaction.be\/formations\/intervision-pour-personne-de-confiance\" target=\"_blank\" rel=\"noopener noreferrer nofollow\">Registratie via FormAction<\/a><\/div>\n<\/div>\n<\/div>\n<\/div>\n\n\n\n<div class=\"wp-block-columns alignwide is-layout-flex wp-container-core-columns-is-layout-28f84493 wp-block-columns-is-layout-flex\">\n<div class=\"wp-block-column has-central-palette-2-background-color has-text-color has-background has-link-color wp-elements-2e94e76debca08113009430d3fe69b27 is-layout-flow wp-block-column-is-layout-flow\" style=\"color:#000000;padding-top:2em;padding-right:2em;padding-bottom:2em;padding-left:2em\">\n<h4 class=\"wp-block-heading has-central-palette-3-color has-text-color\" id=\"family\" style=\"font-size:28px\"><strong>SUPERVISIE COORDINATIE <\/strong><\/h4>\n\n\n\n<p>ABBET organiseert een supervisiesessie voor de directie\/teamco\u00f6rdinatie van de COCOF\/COCOM-sectoren.<\/p>\n\n\n\n<p><strong>Het doel:<\/strong> doe een stapje terug, bevraag en bespreek met collega&#039;s uw praktijk en de moeilijkheden die u ondervindt, verduidelijk uw rol als manager, verwerf en mobiliseer nieuwe hulpmiddelen en middelen om uzelf in uw rol te versterken.<\/p>\n\n\n\n<p><strong>Het apparaat :<\/strong> de groep bestaat uit maximaal 12 personen. Bij elke sessie werken we rond een situatie die door een deelnemer wordt gepresenteerd en\/of een thema dat de groep wil behandelen (bijvoorbeeld besluitvorming, teamdynamiek, conflictbeheersing, vergaderingen, enz.).<br>Om de opbouw van een groepsdynamiek aan te moedigen, gebaseerd op het vertrouwen en de inzet van iedereen in het proces, is aanwezigheid bij alle sessies vereist.<\/p>\n\n\n\n<p class=\"has-text-align-center\"><em>De inschrijving voor begin 2026 is gesloten. De volgende module staat gepland voor eind 2026 en\/of begin 2027. <\/em><\/p>\n<\/div>\n<\/div>","protected":false},"excerpt":{"rendered":"<p>INTERVISION POST-ANALYSE DES RISQUES Nous avons r\u00e9alis\u00e9 une analyse des risques au sein de votre institution au cours des derni\u00e8res ann\u00e9es (2023 et 2024). Cette analyse, qu\u2019elle soit globale ou [&hellip;]<\/p>\n","protected":false},"author":8,"featured_media":8923,"parent":7417,"menu_order":2,"comment_status":"closed","ping_status":"closed","template":"","meta":{"_acf_changed":false,"_seopress_robots_primary_cat":"108","_seopress_titles_title":"","_seopress_titles_desc":"","_seopress_robots_index":"","footnotes":""},"categories":[108],"tags":[],"class_list":["post-8012","page","type-page","status-publish","has-post-thumbnail","hentry","category-formations"],"acf":[],"_links":{"self":[{"href":"https:\/\/abbet.be\/nl\/wp-json\/wp\/v2\/pages\/8012","targetHints":{"allow":["GET"]}}],"collection":[{"href":"https:\/\/abbet.be\/nl\/wp-json\/wp\/v2\/pages"}],"about":[{"href":"https:\/\/abbet.be\/nl\/wp-json\/wp\/v2\/types\/page"}],"author":[{"embeddable":true,"href":"https:\/\/abbet.be\/nl\/wp-json\/wp\/v2\/users\/8"}],"replies":[{"embeddable":true,"href":"https:\/\/abbet.be\/nl\/wp-json\/wp\/v2\/comments?post=8012"}],"version-history":[{"count":3,"href":"https:\/\/abbet.be\/nl\/wp-json\/wp\/v2\/pages\/8012\/revisions"}],"predecessor-version":[{"id":14717,"href":"https:\/\/abbet.be\/nl\/wp-json\/wp\/v2\/pages\/8012\/revisions\/14717"}],"up":[{"embeddable":true,"href":"https:\/\/abbet.be\/nl\/wp-json\/wp\/v2\/pages\/7417"}],"wp:featuredmedia":[{"embeddable":true,"href":"https:\/\/abbet.be\/nl\/wp-json\/wp\/v2\/media\/8923"}],"wp:attachment":[{"href":"https:\/\/abbet.be\/nl\/wp-json\/wp\/v2\/media?parent=8012"}],"wp:term":[{"taxonomy":"category","embeddable":true,"href":"https:\/\/abbet.be\/nl\/wp-json\/wp\/v2\/categories?post=8012"},{"taxonomy":"post_tag","embeddable":true,"href":"https:\/\/abbet.be\/nl\/wp-json\/wp\/v2\/tags?post=8012"}],"curies":[{"name":"wp","href":"https:\/\/api.w.org\/{rel}","templated":true}]}}