{"id":8010,"date":"2022-05-12T17:55:53","date_gmt":"2022-05-12T15:55:27","guid":{"rendered":"https:\/\/abbet.be\/intervisions-pour-conseillers-en-prevention\/"},"modified":"2026-04-29T13:54:20","modified_gmt":"2026-04-29T11:54:20","slug":"opleiding","status":"publish","type":"page","link":"https:\/\/abbet.be\/nl\/services\/formation\/formations\/","title":{"rendered":"Opleidingen"},"content":{"rendered":"<div data-elementor-type=\"wp-page\" data-elementor-id=\"8010\" class=\"elementor elementor-8010\" data-elementor-post-type=\"page\">\n\t\t\t\t<div class=\"elementor-element elementor-element-b85340f e-flex e-con-boxed e-con e-parent\" data-id=\"b85340f\" data-element_type=\"container\" data-e-type=\"container\" data-settings=\"{&quot;background_background&quot;:&quot;classic&quot;}\">\n\t\t\t\t\t<div class=\"e-con-inner\">\n\t\t\t\t<div class=\"elementor-element elementor-element-4592b66 elementor-widget elementor-widget-text-editor\" data-id=\"4592b66\" data-element_type=\"widget\" data-e-type=\"widget\" data-widget_type=\"text-editor.default\">\n\t\t\t\t\t\t\t\t\t<h3>De preventieadviseurs van ABBET bieden trainingen aan om de volgende problemen aan te pakken...<strong>praktische vragen over welzijn op het werk<\/strong>.<\/h3>\t\t\t\t\t\t\t\t<\/div>\n\t\t\t\t\t<\/div>\n\t\t\t\t<\/div>\n\t\t<div class=\"elementor-element elementor-element-c56bb1e e-flex e-con-boxed e-con e-parent\" data-id=\"c56bb1e\" data-element_type=\"container\" data-e-type=\"container\" data-settings=\"{&quot;background_background&quot;:&quot;classic&quot;,&quot;shape_divider_top&quot;:&quot;mountains&quot;}\">\n\t\t\t\t\t<div class=\"e-con-inner\">\n\t\t\t\t<div class=\"elementor-shape elementor-shape-top\" aria-hidden=\"true\" data-negative=\"false\">\n\t\t\t<svg xmlns=\"http:\/\/www.w3.org\/2000\/svg\" viewbox=\"0 0 1000 100\" preserveaspectratio=\"none\">\n\t<path class=\"elementor-shape-fill\" opacity=\"0.33\" d=\"M473,67.3c-203.9,88.3-263.1-34-320.3,0C66,119.1,0,59.7,0,59.7V0h1000v59.7 c0,0-62.1,26.1-94.9,29.3c-32.8,3.3-62.8-12.3-75.8-22.1C806,49.6,745.3,8.7,694.9,4.7S492.4,59,473,67.3z\"\/>\n\t<path class=\"elementor-shape-fill\" opacity=\"0.66\" d=\"M734,67.3c-45.5,0-77.2-23.2-129.1-39.1c-28.6-8.7-150.3-10.1-254,39.1 s-91.7-34.4-149.2,0C115.7,118.3,0,39.8,0,39.8V0h1000v36.5c0,0-28.2-18.5-92.1-18.5C810.2,18.1,775.7,67.3,734,67.3z\"\/>\n\t<path class=\"elementor-shape-fill\" d=\"M766.1,28.9c-200-57.5-266,65.5-395.1,19.5C242,1.8,242,5.4,184.8,20.6C128,35.8,132.3,44.9,89.9,52.5C28.6,63.7,0,0,0,0 h1000c0,0-9.9,40.9-83.6,48.1S829.6,47,766.1,28.9z\"\/>\n<\/svg>\t\t<\/div>\n\t\t<div class=\"elementor-element elementor-element-8fadd3e e-con-full e-flex e-con e-child\" data-id=\"8fadd3e\" data-element_type=\"container\" data-e-type=\"container\">\n\t\t\t\t<div class=\"elementor-element elementor-element-5f3d1cd elementor-widget elementor-widget-heading\" data-id=\"5f3d1cd\" data-element_type=\"widget\" data-e-type=\"widget\" data-widget_type=\"heading.default\">\n\t\t\t\t\t<h3 class=\"elementor-heading-title elementor-size-default\">Hoe ga je om met musculoskeletale aandoeningen?<\/h3>\t\t\t\t<\/div>\n\t\t\t\t<div class=\"elementor-element elementor-element-1c859e8 elementor-widget elementor-widget-text-editor\" data-id=\"1c859e8\" data-element_type=\"widget\" data-e-type=\"widget\" data-widget_type=\"text-editor.default\">\n\t\t\t\t\t\t\t\t\t<p><strong>Datum<\/strong> : 17\/11\/2026, 18\/11\/2026<\/p>\n<p>De opleiding is gericht op het introduceren van het concept musculoskeletale aandoeningen, het onderscheiden van de verschillende soorten MSA\u2019s en het identificeren van de belangrijkste risicofactoren die verband houden met het werk (biomechanische factoren, psychosociale factoren). Ook de rol van de verschillende belanghebbenden en de aandachtspunten die in de implementatie van een MSA-preventiebeleid moeten worden ge\u00efntegreerd, worden uitgewerkt.<\/p>\n<p>Het tweede deel van de opleiding is gericht op het verwerven van basiskennis en praktische toepassingen met betrekking tot de aanpassing en inrichting van werkplekken met het oog op het voorkomen van risico&#039;s op aandoeningen aan het bewegingsapparaat. A<br \/>Er zal ook tijd worden vrijgemaakt om de kwesties en vragen te bespreken die verband houden met de erkenning van aandoeningen aan het bewegingsapparaat als beroepsziekte.<\/p>\t\t\t\t\t\t\t\t<\/div>\n\t\t\t\t<div class=\"elementor-element elementor-element-1f34051 elementor-align-center elementor-widget elementor-widget-button\" data-id=\"1f34051\" data-element_type=\"widget\" data-e-type=\"widget\" data-widget_type=\"button.default\">\n\t\t\t\t\t\t\t\t\t\t<a class=\"elementor-button elementor-button-link elementor-size-sm elementor-animation-grow\" href=\"https:\/\/catalogueformaction.be\/formations\/comment-agir-face-aux-troubles-musculo-squelettiques\" target=\"_blank\" rel=\"noopener noreferrer nofollow\">\n\t\t\t\t\t\t<span class=\"elementor-button-content-wrapper\">\n\t\t\t\t\t\t\t\t\t<span class=\"elementor-button-text\">Inschrijvingen op de FormAction website!<\/span>\n\t\t\t\t\t<\/span>\n\t\t\t\t\t<\/a>\n\t\t\t\t\t\t\t\t<\/div>\n\t\t\t\t<\/div>\n\t\t\t\t\t<\/div>\n\t\t\t\t<\/div>\n\t\t<div class=\"elementor-element elementor-element-e37c1d4 e-flex e-con-boxed e-con e-parent\" data-id=\"e37c1d4\" data-element_type=\"container\" data-e-type=\"container\" data-settings=\"{&quot;background_background&quot;:&quot;classic&quot;,&quot;shape_divider_top&quot;:&quot;mountains&quot;}\">\n\t\t\t\t\t<div class=\"e-con-inner\">\n\t\t\t\t<div class=\"elementor-shape elementor-shape-top\" aria-hidden=\"true\" data-negative=\"false\">\n\t\t\t<svg xmlns=\"http:\/\/www.w3.org\/2000\/svg\" viewbox=\"0 0 1000 100\" preserveaspectratio=\"none\">\n\t<path class=\"elementor-shape-fill\" opacity=\"0.33\" d=\"M473,67.3c-203.9,88.3-263.1-34-320.3,0C66,119.1,0,59.7,0,59.7V0h1000v59.7 c0,0-62.1,26.1-94.9,29.3c-32.8,3.3-62.8-12.3-75.8-22.1C806,49.6,745.3,8.7,694.9,4.7S492.4,59,473,67.3z\"\/>\n\t<path class=\"elementor-shape-fill\" opacity=\"0.66\" d=\"M734,67.3c-45.5,0-77.2-23.2-129.1-39.1c-28.6-8.7-150.3-10.1-254,39.1 s-91.7-34.4-149.2,0C115.7,118.3,0,39.8,0,39.8V0h1000v36.5c0,0-28.2-18.5-92.1-18.5C810.2,18.1,775.7,67.3,734,67.3z\"\/>\n\t<path class=\"elementor-shape-fill\" d=\"M766.1,28.9c-200-57.5-266,65.5-395.1,19.5C242,1.8,242,5.4,184.8,20.6C128,35.8,132.3,44.9,89.9,52.5C28.6,63.7,0,0,0,0 h1000c0,0-9.9,40.9-83.6,48.1S829.6,47,766.1,28.9z\"\/>\n<\/svg>\t\t<\/div>\n\t\t<div class=\"elementor-element elementor-element-9f58f48 e-con-full e-flex e-con e-child\" data-id=\"9f58f48\" data-element_type=\"container\" data-e-type=\"container\">\n\t\t\t\t<div class=\"elementor-element elementor-element-08e71d3 elementor-widget elementor-widget-heading\" data-id=\"08e71d3\" data-element_type=\"widget\" data-e-type=\"widget\" data-widget_type=\"heading.default\">\n\t\t\t\t\t<h3 class=\"elementor-heading-title elementor-size-default\">Risicoanalyse: praktische aanpak<\/h3>\t\t\t\t<\/div>\n\t\t\t\t<div class=\"elementor-element elementor-element-83cb3b1 elementor-widget elementor-widget-text-editor\" data-id=\"83cb3b1\" data-element_type=\"widget\" data-e-type=\"widget\" data-widget_type=\"text-editor.default\">\n\t\t\t\t\t\t\t\t\t<p><strong>Datum<\/strong> : 10-02-2026<\/p>\n<p>Deze training heeft tot doel u de middelen en vaardigheden aan te reiken die nodig zijn om zelf een risicoanalyse uit te voeren, kritisch te kijken naar werksituaties in een preventieve aanpak, een eenvoudige risicoanalyse uit te voeren met de D\u00e9paris-methode en de conclusies van D\u00e9paris om te zetten in een actie. plan.<\/p>\n<p>\u00a0<\/p>\n<p>\u00a0<\/p>\t\t\t\t\t\t\t\t<\/div>\n\t\t\t\t<\/div>\n\t\t<div class=\"elementor-element elementor-element-8dcc5fb e-con-full e-flex e-con e-child\" data-id=\"8dcc5fb\" data-element_type=\"container\" data-e-type=\"container\">\n\t\t\t\t<div class=\"elementor-element elementor-element-fed17c6 elementor-widget elementor-widget-heading\" data-id=\"fed17c6\" data-element_type=\"widget\" data-e-type=\"widget\" data-widget_type=\"heading.default\">\n\t\t\t\t\t<h3 class=\"elementor-heading-title elementor-size-default\">Reinigings- en onderhoudsproducten<\/h3>\t\t\t\t<\/div>\n\t\t\t\t<div class=\"elementor-element elementor-element-c62b3b9 elementor-widget__width-initial elementor-widget elementor-widget-text-editor\" data-id=\"c62b3b9\" data-element_type=\"widget\" data-e-type=\"widget\" data-widget_type=\"text-editor.default\">\n\t\t\t\t\t\t\t\t\t<p><strong>Datum<\/strong> : 22-06-2026 of 08-12-2026<\/p>\n<p>Met deze training leert u een schoonmaakmiddel herkennen om veilig schoon te maken. Het bevat alles wat u moet weten om de gevaren van de producten te begrijpen en hoe u zich daartegen kunt beschermen.<\/p>\t\t\t\t\t\t\t\t<\/div>\n\t\t\t\t<div class=\"elementor-element elementor-element-4dcd511 elementor-align-center elementor-button-info elementor-fixed elementor-widget elementor-widget-button\" data-id=\"4dcd511\" data-element_type=\"widget\" data-e-type=\"widget\" data-settings=\"{&quot;_position&quot;:&quot;fixed&quot;}\" data-widget_type=\"button.default\">\n\t\t\t\t\t\t\t\t\t\t<a class=\"elementor-button elementor-button-link elementor-size-sm elementor-animation-grow\" href=\"https:\/\/catalogueformaction.be\/formations\/le-nettoyage-et-les-produits-d2019entretien\" target=\"_blank\" rel=\"noopener noreferrer nofollow\">\n\t\t\t\t\t\t<span class=\"elementor-button-content-wrapper\">\n\t\t\t\t\t\t\t\t\t<span class=\"elementor-button-text\">Om u te registreren, gaat u naar de FormAction-website!<\/span>\n\t\t\t\t\t<\/span>\n\t\t\t\t\t<\/a>\n\t\t\t\t\t\t\t\t<\/div>\n\t\t\t\t<div class=\"elementor-element elementor-element-16b5037 elementor-align-center elementor-widget__width-initial elementor-absolute elementor-widget elementor-widget-button\" data-id=\"16b5037\" data-element_type=\"widget\" data-e-type=\"widget\" data-settings=\"{&quot;_position&quot;:&quot;absolute&quot;}\" data-widget_type=\"button.default\">\n\t\t\t\t\t\t\t\t\t\t<a class=\"elementor-button elementor-button-link elementor-size-sm elementor-animation-grow\" href=\"https:\/\/catalogueformaction.be\/formations\/le-nettoyage-et-les-produits-d2019entretien\" target=\"_blank\" rel=\"noopener noreferrer nofollow\">\n\t\t\t\t\t\t<span class=\"elementor-button-content-wrapper\">\n\t\t\t\t\t\t\t\t\t<span class=\"elementor-button-text\">Inschrijvingen op de FormAction website!<\/span>\n\t\t\t\t\t<\/span>\n\t\t\t\t\t<\/a>\n\t\t\t\t\t\t\t\t<\/div>\n\t\t\t\t<\/div>\n\t\t\t\t\t<\/div>\n\t\t\t\t<\/div>\n\t\t<div class=\"elementor-element elementor-element-3f79ce7 e-flex e-con-boxed e-con e-parent\" data-id=\"3f79ce7\" data-element_type=\"container\" data-e-type=\"container\" data-settings=\"{&quot;background_background&quot;:&quot;classic&quot;,&quot;shape_divider_top&quot;:&quot;mountains&quot;}\">\n\t\t\t\t\t<div class=\"e-con-inner\">\n\t\t\t\t<div class=\"elementor-shape elementor-shape-top\" aria-hidden=\"true\" data-negative=\"false\">\n\t\t\t<svg xmlns=\"http:\/\/www.w3.org\/2000\/svg\" viewbox=\"0 0 1000 100\" preserveaspectratio=\"none\">\n\t<path class=\"elementor-shape-fill\" opacity=\"0.33\" d=\"M473,67.3c-203.9,88.3-263.1-34-320.3,0C66,119.1,0,59.7,0,59.7V0h1000v59.7 c0,0-62.1,26.1-94.9,29.3c-32.8,3.3-62.8-12.3-75.8-22.1C806,49.6,745.3,8.7,694.9,4.7S492.4,59,473,67.3z\"\/>\n\t<path class=\"elementor-shape-fill\" opacity=\"0.66\" d=\"M734,67.3c-45.5,0-77.2-23.2-129.1-39.1c-28.6-8.7-150.3-10.1-254,39.1 s-91.7-34.4-149.2,0C115.7,118.3,0,39.8,0,39.8V0h1000v36.5c0,0-28.2-18.5-92.1-18.5C810.2,18.1,775.7,67.3,734,67.3z\"\/>\n\t<path class=\"elementor-shape-fill\" d=\"M766.1,28.9c-200-57.5-266,65.5-395.1,19.5C242,1.8,242,5.4,184.8,20.6C128,35.8,132.3,44.9,89.9,52.5C28.6,63.7,0,0,0,0 h1000c0,0-9.9,40.9-83.6,48.1S829.6,47,766.1,28.9z\"\/>\n<\/svg>\t\t<\/div>\n\t\t<div class=\"elementor-element elementor-element-1f90607 e-con-full e-flex e-con e-child\" data-id=\"1f90607\" data-element_type=\"container\" data-e-type=\"container\">\n\t\t\t\t<div class=\"elementor-element elementor-element-863da6c elementor-widget elementor-widget-heading\" data-id=\"863da6c\" data-element_type=\"widget\" data-e-type=\"widget\" data-widget_type=\"heading.default\">\n\t\t\t\t\t<h3 class=\"elementor-heading-title elementor-size-default\">Omgaan met bewustzijn\u00a0<\/h3>\t\t\t\t<\/div>\n\t\t\t\t<div class=\"elementor-element elementor-element-f84843b elementor-widget elementor-widget-text-editor\" data-id=\"f84843b\" data-element_type=\"widget\" data-e-type=\"widget\" data-widget_type=\"text-editor.default\">\n\t\t\t\t\t\t\t\t\t<p><strong>Datum<\/strong> : 30-06-2026 of 08-10-2026<\/p>\n<p>Het doel van deze training is het voorkomen van aandoeningen aan het bewegingsapparaat bij het onderhoudspersoneel, waarbij onder meer risico&#039;s verbonden aan het hanteren en de houdingen aan de orde zijn: Hoe kunnen deze aandoeningen worden voorkomen bij het uitvoeren van werkzaamheden? Wat zijn de principes van veilig hanteren?<\/p>\t\t\t\t\t\t\t\t<\/div>\n\t\t\t\t<div class=\"elementor-element elementor-element-5711236 elementor-align-center elementor-widget elementor-widget-button\" data-id=\"5711236\" data-element_type=\"widget\" data-e-type=\"widget\" data-widget_type=\"button.default\">\n\t\t\t\t\t\t\t\t\t\t<a class=\"elementor-button elementor-button-link elementor-size-sm elementor-animation-grow\" href=\"https:\/\/catalogueformaction.be\/formations\/sensibilisation-a-la-manutention-2\" target=\"_blank\" rel=\"noopener noreferrer nofollow\">\n\t\t\t\t\t\t<span class=\"elementor-button-content-wrapper\">\n\t\t\t\t\t\t\t\t\t<span class=\"elementor-button-text\">Inschrijvingen op de FormAction website!<\/span>\n\t\t\t\t\t<\/span>\n\t\t\t\t\t<\/a>\n\t\t\t\t\t\t\t\t<\/div>\n\t\t\t\t<\/div>\n\t\t<div class=\"elementor-element elementor-element-413207d e-con-full e-flex e-con e-child\" data-id=\"413207d\" data-element_type=\"container\" data-e-type=\"container\">\n\t\t\t\t<div class=\"elementor-element elementor-element-21018b4 elementor-widget elementor-widget-heading\" data-id=\"21018b4\" data-element_type=\"widget\" data-e-type=\"widget\" data-widget_type=\"heading.default\">\n\t\t\t\t\t<h3 class=\"elementor-heading-title elementor-size-default\">Au, een ongeluk op het werk!<\/h3>\t\t\t\t<\/div>\n\t\t\t\t<div class=\"elementor-element elementor-element-c7cb83a elementor-widget elementor-widget-text-editor\" data-id=\"c7cb83a\" data-element_type=\"widget\" data-e-type=\"widget\" data-widget_type=\"text-editor.default\">\n\t\t\t\t\t\t\t\t\t<p><strong>Datum<\/strong> : 24-11-2026<\/p>\n<p>Deze training leert u hoe u veilig en fysiek veilig aan de slag kunt. Hierbij ligt de nadruk op gezond verstand en observatie. Ook incidenten- en ongevallenbeheer komt aan bod: verplichtingen, maatregelen, analyses en naleving van de wet.<br \/>Welke verplichtingen? Welke maatregelen en procedures moeten worden ingevoerd? Hoe kunnen we deze analyseren om er nuttige lessen uit te trekken en aan wettelijke verplichtingen te voldoen?<\/p>\t\t\t\t\t\t\t\t<\/div>\n\t\t\t\t<div class=\"elementor-element elementor-element-320ce76 elementor-align-center elementor-widget elementor-widget-button\" data-id=\"320ce76\" data-element_type=\"widget\" data-e-type=\"widget\" data-widget_type=\"button.default\">\n\t\t\t\t\t\t\t\t\t\t<a class=\"elementor-button elementor-button-link elementor-size-sm elementor-animation-grow\" href=\"https:\/\/catalogueformaction.be\/formations\/aie-un-accident-au-travail\" target=\"_blank\" rel=\"noopener noreferrer nofollow\">\n\t\t\t\t\t\t<span class=\"elementor-button-content-wrapper\">\n\t\t\t\t\t\t\t\t\t<span class=\"elementor-button-text\">Inschrijvingen op de FormAction website!<\/span>\n\t\t\t\t\t<\/span>\n\t\t\t\t\t<\/a>\n\t\t\t\t\t\t\t\t<\/div>\n\t\t\t\t<\/div>\n\t\t\t\t\t<\/div>\n\t\t\t\t<\/div>\n\t\t<div class=\"elementor-element elementor-element-5d288d9 e-con-full e-flex e-con e-parent\" data-id=\"5d288d9\" data-element_type=\"container\" data-e-type=\"container\" data-settings=\"{&quot;background_background&quot;:&quot;classic&quot;,&quot;shape_divider_top&quot;:&quot;mountains&quot;}\">\n\t\t\t\t<div class=\"elementor-shape elementor-shape-top\" aria-hidden=\"true\" data-negative=\"false\">\n\t\t\t<svg xmlns=\"http:\/\/www.w3.org\/2000\/svg\" viewbox=\"0 0 1000 100\" preserveaspectratio=\"none\">\n\t<path class=\"elementor-shape-fill\" opacity=\"0.33\" d=\"M473,67.3c-203.9,88.3-263.1-34-320.3,0C66,119.1,0,59.7,0,59.7V0h1000v59.7 c0,0-62.1,26.1-94.9,29.3c-32.8,3.3-62.8-12.3-75.8-22.1C806,49.6,745.3,8.7,694.9,4.7S492.4,59,473,67.3z\"\/>\n\t<path class=\"elementor-shape-fill\" opacity=\"0.66\" d=\"M734,67.3c-45.5,0-77.2-23.2-129.1-39.1c-28.6-8.7-150.3-10.1-254,39.1 s-91.7-34.4-149.2,0C115.7,118.3,0,39.8,0,39.8V0h1000v36.5c0,0-28.2-18.5-92.1-18.5C810.2,18.1,775.7,67.3,734,67.3z\"\/>\n\t<path class=\"elementor-shape-fill\" d=\"M766.1,28.9c-200-57.5-266,65.5-395.1,19.5C242,1.8,242,5.4,184.8,20.6C128,35.8,132.3,44.9,89.9,52.5C28.6,63.7,0,0,0,0 h1000c0,0-9.9,40.9-83.6,48.1S829.6,47,766.1,28.9z\"\/>\n<\/svg>\t\t<\/div>\n\t\t<div class=\"elementor-element elementor-element-212dac8 e-con-full e-flex e-con e-child\" data-id=\"212dac8\" data-element_type=\"container\" data-e-type=\"container\">\n\t\t\t\t<div class=\"elementor-element elementor-element-fd69234 elementor-widget__width-initial elementor-widget elementor-widget-text-editor\" data-id=\"fd69234\" data-element_type=\"widget\" data-e-type=\"widget\" data-widget_type=\"text-editor.default\">\n\t\t\t\t\t\t\t\t\t<h4 id=\"family\" class=\"wp-block-heading has-central-palette-3-color has-text-color\"><strong>De essentie van de wet op het welzijn op het werk <\/strong><\/h4>\n<p><!-- \/wp:heading --><!-- wp:paragraph --><\/p>\n<p><strong>Data: <\/strong>(binnenkort beschikbaar \u2013 2027)<\/p>\n<p><!-- \/wp:paragraph --><!-- wp:paragraph --><\/p>\n<p>Werk jij als preventieadviseur maar heb je nog geen opleiding gevolgd? ABBET verzorgt in twee dagen training over de essentie van het recht.<\/p>\n<p><!-- \/wp:paragraph --><!-- wp:paragraph --><\/p>\n<p>Het doel van deze opleiding is om de preventieadviseur te helpen de belangrijkste principes van de wet op het welzijn op het werk te kennen, deze in de praktijk te brengen en zich op zijn gemak te voelen bij BOBET om de nodige informatie te vinden.<\/p>\t\t\t\t\t\t\t\t<\/div>\n\t\t\t\t<\/div>\n\t\t<div class=\"elementor-element elementor-element-417cec0 e-con-full e-flex e-con e-child\" data-id=\"417cec0\" data-element_type=\"container\" data-e-type=\"container\">\n\t\t\t\t<div class=\"elementor-element elementor-element-1d4b507 elementor-widget elementor-widget-text-editor\" data-id=\"1d4b507\" data-element_type=\"widget\" data-e-type=\"widget\" data-widget_type=\"text-editor.default\">\n\t\t\t\t\t\t\t\t\t<h4 id=\"family\" class=\"wp-block-heading has-central-palette-3-color has-text-color\"><strong>Intervisies voor preventieadviseurs<br \/><\/strong><\/h4>\n<p><!-- \/wp:heading --><!-- wp:paragraph --><\/p>\n<p><strong>Datum : <\/strong>(lopend \u2013 20-04-2026, 18-05-2026, 22-06-2026, 21-09-2026, 12-10-2026, 23-11-2026)<\/p>\n<p><!-- \/wp:paragraph --><!-- wp:paragraph --><\/p>\n<p style=\"text-align: left;\">Deze opleiding is erop gericht u de middelen en vaardigheden te verschaffen die nodig zijn om zelf een risicoanalyse uit te voeren, een kritische blik op werksituaties te verwerven vanuit een preventieve benadering, een eenvoudige risicoanalyse uit te voeren met behulp van de D\u00e9paris-methode en de conclusies van de D\u00e9paris om te zetten in een actieplan.<\/p>\n<p><!-- \/wp:paragraph --><!-- wp:paragraph --><\/p>\t\t\t\t\t\t\t\t<\/div>\n\t\t\t\t<\/div>\n\t\t\t\t<\/div>\n\t\t<div class=\"elementor-element elementor-element-c4f7bcc e-flex e-con-boxed e-con e-parent\" data-id=\"c4f7bcc\" data-element_type=\"container\" data-e-type=\"container\" data-settings=\"{&quot;background_background&quot;:&quot;classic&quot;}\">\n\t\t\t\t\t<div class=\"e-con-inner\">\n\t\t\t\t<div class=\"elementor-element elementor-element-ff55850 elementor-widget__width-initial elementor-widget elementor-widget-text-editor\" data-id=\"ff55850\" data-element_type=\"widget\" data-e-type=\"widget\" data-widget_type=\"text-editor.default\">\n\t\t\t\t\t\t\t\t\t<h4><span style=\"color: #f2f2f3;\"><strong>Hoe kunnen we risico&#039;s op het werk die verband houden met psychosociale factoren voorkomen?<\/strong><\/span><\/h4>\n<p><!-- \/wp:heading --><!-- wp:paragraph --><\/p>\n<p><b>Data:<\/b> 2026 (lopend)<\/p>\n<p><!-- \/wp:paragraph --><!-- wp:paragraph --><\/p>\n<p data-ccp-border-top=\"0.6666666666666666px solid #000000\" data-ccp-padding-top=\"1.3333333333333333px\" data-ccp-border-bottom=\"0.6666666666666666px solid #000000\" data-ccp-padding-bottom=\"1.3333333333333333px\"><span data-contrast=\"auto\">Deze opleiding, vooral bedoeld voor degenen die betrokken zijn bij het preventiebeleid (co\u00f6rdinatie, vakbondsdelegatie, preventieadviseur en vertrouwenspersoon, enz.)<\/span><span data-contrast=\"auto\"> zal ernaar streven theoretische en praktische hulpmiddelen te verwerven om de preventie van risico&#039;s op het werk die verband houden met psychosociale factoren te versterken.\u00a0<\/span><span data-ccp-props=\"{&quot;134233117&quot;:false,&quot;134233118&quot;:false,&quot;201341983&quot;:0,&quot;335551550&quot;:6,&quot;335551620&quot;:6,&quot;335559685&quot;:0,&quot;335559737&quot;:0,&quot;335559738&quot;:0,&quot;335559739&quot;:160,&quot;335559740&quot;:259,&quot;335572071&quot;:4,&quot;335572072&quot;:1,&quot;335572073&quot;:0,&quot;335572075&quot;:4,&quot;335572076&quot;:4,&quot;335572077&quot;:0,&quot;335572079&quot;:4,&quot;335572080&quot;:1,&quot;335572081&quot;:0,&quot;335572083&quot;:4,&quot;335572084&quot;:4,&quot;335572085&quot;:0,&quot;469789798&quot;:&quot;single&quot;,&quot;469789802&quot;:&quot;single&quot;,&quot;469789806&quot;:&quot;single&quot;,&quot;469789810&quot;:&quot;single&quot;}\">\u00a0<\/span><\/p>\n<p data-ccp-border-top=\"0.6666666666666666px solid #000000\" data-ccp-padding-top=\"1.3333333333333333px\" data-ccp-border-bottom=\"0.6666666666666666px solid #000000\" data-ccp-padding-bottom=\"1.3333333333333333px\"><span data-contrast=\"auto\">De inhoud van de training zal gebaseerd zijn op een afwisseling tussen meer theoretische presentaties (definitie en kritische benadering van de dominante analysemodellen, wet- en regelgevingsinstrumenten die de preventie van RPS beheersen) en collectief werk gebaseerd op concrete veldsituaties.\u00a0<\/span><\/p>\n<p><!-- \/wp:paragraph --><!-- wp:paragraph --><\/p>\n<p><!-- \/wp:paragraph --><!-- wp:columns --><\/p>\t\t\t\t\t\t\t\t<\/div>\n\t\t\t\t\t<\/div>\n\t\t\t\t<\/div>\n\t\t<div class=\"elementor-element elementor-element-f511a39 e-flex e-con-boxed e-con e-parent\" data-id=\"f511a39\" data-element_type=\"container\" data-e-type=\"container\">\n\t\t\t\t\t<div class=\"e-con-inner\">\n\t\t\t\t<div class=\"elementor-element elementor-element-3bbfbae elementor-widget elementor-widget-text-editor\" data-id=\"3bbfbae\" data-element_type=\"widget\" data-e-type=\"widget\" data-widget_type=\"text-editor.default\">\n\t\t\t\t\t\t\t\t\t<h2 style=\"text-align: center;\">Bekijk de agenda!<\/h2>\t\t\t\t\t\t\t\t<\/div>\n\t\t\t\t\t<\/div>\n\t\t\t\t<\/div>\n\t\t<div class=\"elementor-element elementor-element-7c7d3c4 e-flex e-con-boxed e-con e-parent\" data-id=\"7c7d3c4\" data-element_type=\"container\" data-e-type=\"container\">\n\t\t\t\t\t<div class=\"e-con-inner\">\n\t\t\t\t<div class=\"elementor-element elementor-element-4b92db5 elementor-view-default elementor-widget elementor-widget-icon\" data-id=\"4b92db5\" data-element_type=\"widget\" data-e-type=\"widget\" data-widget_type=\"icon.default\">\n\t\t\t\t\t\t\t<div class=\"elementor-icon-wrapper\">\n\t\t\t<a class=\"elementor-icon\" href=\"https:\/\/abbet.be\/nl\/dagboek\/\">\n\t\t\t<svg aria-hidden=\"true\" class=\"e-font-icon-svg e-far-calendar-alt\" viewbox=\"0 0 448 512\" xmlns=\"http:\/\/www.w3.org\/2000\/svg\"><path d=\"M148 288h-40c-6.6 0-12-5.4-12-12v-40c0-6.6 5.4-12 12-12h40c6.6 0 12 5.4 12 12v40c0 6.6-5.4 12-12 12zm108-12v-40c0-6.6-5.4-12-12-12h-40c-6.6 0-12 5.4-12 12v40c0 6.6 5.4 12 12 12h40c6.6 0 12-5.4 12-12zm96 0v-40c0-6.6-5.4-12-12-12h-40c-6.6 0-12 5.4-12 12v40c0 6.6 5.4 12 12 12h40c6.6 0 12-5.4 12-12zm-96 96v-40c0-6.6-5.4-12-12-12h-40c-6.6 0-12 5.4-12 12v40c0 6.6 5.4 12 12 12h40c6.6 0 12-5.4 12-12zm-96 0v-40c0-6.6-5.4-12-12-12h-40c-6.6 0-12 5.4-12 12v40c0 6.6 5.4 12 12 12h40c6.6 0 12-5.4 12-12zm192 0v-40c0-6.6-5.4-12-12-12h-40c-6.6 0-12 5.4-12 12v40c0 6.6 5.4 12 12 12h40c6.6 0 12-5.4 12-12zm96-260v352c0 26.5-21.5 48-48 48H48c-26.5 0-48-21.5-48-48V112c0-26.5 21.5-48 48-48h48V12c0-6.6 5.4-12 12-12h40c6.6 0 12 5.4 12 12v52h128V12c0-6.6 5.4-12 12-12h40c6.6 0 12 5.4 12 12v52h48c26.5 0 48 21.5 48 48zm-48 346V160H48v298c0 3.3 2.7 6 6 6h340c3.3 0 6-2.7 6-6z\"><\/path><\/svg>\t\t\t<\/a>\n\t\t<\/div>\n\t\t\t\t\t\t<\/div>\n\t\t\t\t\t<\/div>\n\t\t\t\t<\/div>\n\t\t\t\t<\/div>","protected":false},"excerpt":{"rendered":"<p>Les conseiller\u00b7\u00e8res en pr\u00e9vention de l&#8217;ABBET vous proposent des formations pour aborder les questions pratiques relatives au bien-\u00eatre au travail. Comment agir face aux troubles musculo-squelettiques ? Date : 17\/11\/2026, [&hellip;]<\/p>\n","protected":false},"author":8,"featured_media":8919,"parent":7417,"menu_order":1,"comment_status":"closed","ping_status":"closed","template":"","meta":{"_acf_changed":false,"_seopress_robots_primary_cat":"","_seopress_titles_title":"","_seopress_titles_desc":"","_seopress_robots_index":"","_seopress_analysis_target_kw":"","footnotes":""},"categories":[108],"tags":[],"class_list":["post-8010","page","type-page","status-publish","has-post-thumbnail","hentry","category-formations"],"acf":[],"_links":{"self":[{"href":"https:\/\/abbet.be\/nl\/wp-json\/wp\/v2\/pages\/8010","targetHints":{"allow":["GET"]}}],"collection":[{"href":"https:\/\/abbet.be\/nl\/wp-json\/wp\/v2\/pages"}],"about":[{"href":"https:\/\/abbet.be\/nl\/wp-json\/wp\/v2\/types\/page"}],"author":[{"embeddable":true,"href":"https:\/\/abbet.be\/nl\/wp-json\/wp\/v2\/users\/8"}],"replies":[{"embeddable":true,"href":"https:\/\/abbet.be\/nl\/wp-json\/wp\/v2\/comments?post=8010"}],"version-history":[{"count":10,"href":"https:\/\/abbet.be\/nl\/wp-json\/wp\/v2\/pages\/8010\/revisions"}],"predecessor-version":[{"id":15024,"href":"https:\/\/abbet.be\/nl\/wp-json\/wp\/v2\/pages\/8010\/revisions\/15024"}],"up":[{"embeddable":true,"href":"https:\/\/abbet.be\/nl\/wp-json\/wp\/v2\/pages\/7417"}],"wp:featuredmedia":[{"embeddable":true,"href":"https:\/\/abbet.be\/nl\/wp-json\/wp\/v2\/media\/8919"}],"wp:attachment":[{"href":"https:\/\/abbet.be\/nl\/wp-json\/wp\/v2\/media?parent=8010"}],"wp:term":[{"taxonomy":"category","embeddable":true,"href":"https:\/\/abbet.be\/nl\/wp-json\/wp\/v2\/categories?post=8010"},{"taxonomy":"post_tag","embeddable":true,"href":"https:\/\/abbet.be\/nl\/wp-json\/wp\/v2\/tags?post=8010"}],"curies":[{"name":"wp","href":"https:\/\/api.w.org\/{rel}","templated":true}]}}