{"id":8008,"date":"2022-05-12T17:55:53","date_gmt":"2022-05-12T15:55:27","guid":{"rendered":"https:\/\/abbet.be\/bien-etre-au-travail\/"},"modified":"2025-04-01T11:13:47","modified_gmt":"2025-04-01T09:13:47","slug":"welzijnsbijeenkomsten-op-het-werk","status":"publish","type":"page","link":"https:\/\/abbet.be\/nl\/services\/formation\/rencontres-bien-etre-au-travail\/","title":{"rendered":"Welzijnsbijeenkomsten op het werk"},"content":{"rendered":"<p>BET-bijeenkomsten zijn bijeenkomsten die ABBET voor sectoren organiseert om transversale kwesties van welzijn op het werk aan te pakken.<\/p>\n\n\n\n<p>Het eerste deel is gewijd aan de presentatie van een referent over het onderwerp, die gastdeskundige of preventieadviseur van ABBET kan zijn. Het tweede deel van deze bijeenkomst is gewijd aan uitwisselingen, debatten, het delen van standpunten en ervaringen met betrekking tot het betreffende thema.<\/p>\n\n\n\n<p>Enkele voorbeelden van de thema\u2019s die aan bod kunnen komen: bestuursmodellen, de functie van preventieadviseur, brandpreventie, begrijpen en handelen bij burn-out, ondersteuning en re-integratie op het werk na langdurige afwezigheid, de relatie met externe diensten en bij met name de rol van de bedrijfsarts, de impact van telewerken op de gezondheid van werknemers, enz.<br>Deze bijeenkomsten worden tussen 12.00 en 14.00 uur georganiseerd rond een broodje, zijn gratis en voor iedereen toegankelijk.<\/p>","protected":false},"excerpt":{"rendered":"<p>Les rencontres BET sont des r\u00e9unions que l\u2019ABBET organise pour les secteurs afin d\u2019aborder des questions transversales de bien-\u00eatre au travail. Une premi\u00e8re partie est consacr\u00e9e \u00e0 l\u2019expos\u00e9 d\u2019un.e r\u00e9f\u00e9rent.e [&hellip;]<\/p>\n","protected":false},"author":8,"featured_media":8914,"parent":7417,"menu_order":0,"comment_status":"closed","ping_status":"closed","template":"","meta":{"_acf_changed":false,"_seopress_robots_primary_cat":"","_seopress_titles_title":"","_seopress_titles_desc":"","_seopress_robots_index":"","footnotes":""},"categories":[108],"tags":[],"class_list":["post-8008","page","type-page","status-publish","has-post-thumbnail","hentry","category-formations"],"acf":[],"_links":{"self":[{"href":"https:\/\/abbet.be\/nl\/wp-json\/wp\/v2\/pages\/8008","targetHints":{"allow":["GET"]}}],"collection":[{"href":"https:\/\/abbet.be\/nl\/wp-json\/wp\/v2\/pages"}],"about":[{"href":"https:\/\/abbet.be\/nl\/wp-json\/wp\/v2\/types\/page"}],"author":[{"embeddable":true,"href":"https:\/\/abbet.be\/nl\/wp-json\/wp\/v2\/users\/8"}],"replies":[{"embeddable":true,"href":"https:\/\/abbet.be\/nl\/wp-json\/wp\/v2\/comments?post=8008"}],"version-history":[{"count":1,"href":"https:\/\/abbet.be\/nl\/wp-json\/wp\/v2\/pages\/8008\/revisions"}],"predecessor-version":[{"id":13897,"href":"https:\/\/abbet.be\/nl\/wp-json\/wp\/v2\/pages\/8008\/revisions\/13897"}],"up":[{"embeddable":true,"href":"https:\/\/abbet.be\/nl\/wp-json\/wp\/v2\/pages\/7417"}],"wp:featuredmedia":[{"embeddable":true,"href":"https:\/\/abbet.be\/nl\/wp-json\/wp\/v2\/media\/8914"}],"wp:attachment":[{"href":"https:\/\/abbet.be\/nl\/wp-json\/wp\/v2\/media?parent=8008"}],"wp:term":[{"taxonomy":"category","embeddable":true,"href":"https:\/\/abbet.be\/nl\/wp-json\/wp\/v2\/categories?post=8008"},{"taxonomy":"post_tag","embeddable":true,"href":"https:\/\/abbet.be\/nl\/wp-json\/wp\/v2\/tags?post=8008"}],"curies":[{"name":"wp","href":"https:\/\/api.w.org\/{rel}","templated":true}]}}