{"id":7952,"date":"2022-05-12T17:08:53","date_gmt":"2022-05-12T15:08:59","guid":{"rendered":"https:\/\/abbet.be\/risque-globale\/"},"modified":"2023-07-10T10:47:56","modified_gmt":"2023-07-10T08:47:56","slug":"algehele-risico","status":"publish","type":"page","link":"https:\/\/abbet.be\/nl\/services\/analyses-des-risques\/risque-globale\/","title":{"rendered":"Wereldwijde risicoanalyse"},"content":{"rendered":"<p>Er zijn verschillende methoden om deze analyse uit te voeren. We presenteren hier de methode die we gebruiken: <strong>participatieve risicoscreening<\/strong> <strong>(D\u00c9PARIS) van de SOBANE-methode<\/strong>.<\/p>\n\n\n\n<p>Deze screening gebeurt tijdens bijeenkomsten van enkele personen die representatief zijn voor de verschillende werksituaties van de vereniging (sociaal, educatief, administratief, technisch, enz.). <\/p>\n\n\n\n<p><strong>Dit houdt in dat gevaren en risicofactoren systematisch worden ge\u00efdentificeerd, bepaald en ge\u00ebvalueerd met het oog op het nemen van preventieve maatregelen.<\/strong><\/p>\n\n\n\n<p>De bespreking gebeurt volgens een D\u00e9paris-raster inclusief<a href=\"https:\/\/abbet.be\/wp-content\/uploads\/2022\/09\/Rubriques-ARG-2022.pdf\"> <strong>verschillende rubrieken<\/strong><\/a><strong> om alle technische, organisatorische en relationele aspecten te dekken <\/strong>die het dagelijks werk min of meer gemakkelijk, effici\u00ebnt en plezierig maken.<\/p>\n\n\n\n<p><strong>Het doel<\/strong> van de vergadering is na te gaan wat er concreet kan worden gedaan, op korte, middellange en lange termijn: wat zijn de problemen die men tegenkomt? Hoe kunnen we ze oplossen? Voor sommige aspecten zal daarna aanvullend onderzoek moeten worden uitgevoerd.<br>De vergaderingen duren ongeveer 3 uur en worden gehouden met groepen van maximaal 10 werknemers.<\/p>\n\n\n\n<p><strong>ABBET onderzoekt ook met elke groep de wegen die ze met andere instanties kan bewandelen&nbsp;<\/strong>: externe preventie- en beschermingsdienst (SEPP), externe technische controledienst (SECT). Het geeft ook informatie over training, ondersteuning, enz.<br><strong>De verzamelde informatie wordt vervolgens opgenomen in een verslag<\/strong>, <strong>vergezeld van mogelijkheden en adviezen voor verbetering die als basis zullen dienen voor de implementatie van het globaal preventieplan (PGP) over een periode van 5 jaar, en het jaarlijkse actieplan (PAA).<\/strong><\/p>","protected":false},"excerpt":{"rendered":"<p>Diff\u00e9rentes m\u00e9thodes existent pour r\u00e9aliser cette analyse. Nous pr\u00e9sentons ici la m\u00e9thode que nous utilisons&nbsp;: le d\u00e9pistage participatif des risques (D\u00c9PARIS) de la m\u00e9thode SOBANE. Ce d\u00e9pistage est r\u00e9alis\u00e9 au [&hellip;]<\/p>\n","protected":false},"author":8,"featured_media":8915,"parent":7419,"menu_order":0,"comment_status":"closed","ping_status":"closed","template":"","meta":{"_acf_changed":false,"_seopress_robots_primary_cat":"","_seopress_titles_title":"","_seopress_titles_desc":"","_seopress_robots_index":"","_seopress_analysis_target_kw":"","footnotes":""},"categories":[107],"tags":[],"class_list":["post-7952","page","type-page","status-publish","has-post-thumbnail","hentry","category-analyses-de-risques"],"acf":[],"_links":{"self":[{"href":"https:\/\/abbet.be\/nl\/wp-json\/wp\/v2\/pages\/7952","targetHints":{"allow":["GET"]}}],"collection":[{"href":"https:\/\/abbet.be\/nl\/wp-json\/wp\/v2\/pages"}],"about":[{"href":"https:\/\/abbet.be\/nl\/wp-json\/wp\/v2\/types\/page"}],"author":[{"embeddable":true,"href":"https:\/\/abbet.be\/nl\/wp-json\/wp\/v2\/users\/8"}],"replies":[{"embeddable":true,"href":"https:\/\/abbet.be\/nl\/wp-json\/wp\/v2\/comments?post=7952"}],"version-history":[{"count":0,"href":"https:\/\/abbet.be\/nl\/wp-json\/wp\/v2\/pages\/7952\/revisions"}],"up":[{"embeddable":true,"href":"https:\/\/abbet.be\/nl\/wp-json\/wp\/v2\/pages\/7419"}],"wp:featuredmedia":[{"embeddable":true,"href":"https:\/\/abbet.be\/nl\/wp-json\/wp\/v2\/media\/8915"}],"wp:attachment":[{"href":"https:\/\/abbet.be\/nl\/wp-json\/wp\/v2\/media?parent=7952"}],"wp:term":[{"taxonomy":"category","embeddable":true,"href":"https:\/\/abbet.be\/nl\/wp-json\/wp\/v2\/categories?post=7952"},{"taxonomy":"post_tag","embeddable":true,"href":"https:\/\/abbet.be\/nl\/wp-json\/wp\/v2\/tags?post=7952"}],"curies":[{"name":"wp","href":"https:\/\/api.w.org\/{rel}","templated":true}]}}