{"id":7739,"date":"2022-05-11T12:45:42","date_gmt":"2022-05-11T10:45:42","guid":{"rendered":"https:\/\/abbet.be\/?page_id=7739"},"modified":"2024-05-17T22:32:29","modified_gmt":"2024-05-17T20:32:29","slug":"voor-wie","status":"publish","type":"page","link":"https:\/\/abbet.be\/nl\/pour-qui\/","title":{"rendered":"Voor wie ?"},"content":{"rendered":"<div data-elementor-type=\"wp-page\" data-elementor-id=\"7739\" class=\"elementor elementor-7739\" data-elementor-post-type=\"page\">\n\t\t\t\t<div class=\"elementor-element elementor-element-a3ad6b6 e-flex e-con-boxed e-con e-parent\" data-id=\"a3ad6b6\" data-element_type=\"container\" data-e-type=\"container\" data-settings=\"{&quot;background_background&quot;:&quot;classic&quot;}\">\n\t\t\t\t\t<div class=\"e-con-inner\">\n\t\t<div class=\"elementor-element elementor-element-f51ddcb e-con-full e-flex e-con e-child\" data-id=\"f51ddcb\" data-element_type=\"container\" data-e-type=\"container\">\n\t\t\t\t<div class=\"elementor-element elementor-element-b5f4f7c elementor-widget elementor-widget-heading\" data-id=\"b5f4f7c\" data-element_type=\"widget\" data-e-type=\"widget\" data-widget_type=\"heading.default\">\n\t\t\t\t\t<h1 class=\"elementor-heading-title elementor-size-default\">Voor wie ?<\/h1>\t\t\t\t<\/div>\n\t\t\t\t<div class=\"elementor-element elementor-element-50a90c2 elementor-widget elementor-widget-spacer\" data-id=\"50a90c2\" data-element_type=\"widget\" data-e-type=\"widget\" data-widget_type=\"spacer.default\">\n\t\t\t\t\t\t\t<div class=\"elementor-spacer\">\n\t\t\t<div class=\"elementor-spacer-inner\"><\/div>\n\t\t<\/div>\n\t\t\t\t\t\t<\/div>\n\t\t\t\t<\/div>\n\t\t\t\t\t<\/div>\n\t\t\t\t<\/div>\n\t\t<div class=\"elementor-element elementor-element-6109b89 e-flex e-con-boxed e-con e-parent\" data-id=\"6109b89\" data-element_type=\"container\" data-e-type=\"container\" data-settings=\"{&quot;background_background&quot;:&quot;classic&quot;}\">\n\t\t\t\t\t<div class=\"e-con-inner\">\n\t\t<div class=\"elementor-element elementor-element-cf79e8b e-con-full e-flex e-con e-child\" data-id=\"cf79e8b\" data-element_type=\"container\" data-e-type=\"container\">\n\t\t<div class=\"elementor-element elementor-element-76e08db e-con-full e-flex e-con e-child\" data-id=\"76e08db\" data-element_type=\"container\" data-e-type=\"container\">\n\t\t<div class=\"elementor-element elementor-element-cea6f6e e-con-full e-flex e-con e-child\" data-id=\"cea6f6e\" data-element_type=\"container\" data-e-type=\"container\">\n\t\t\t\t<div class=\"elementor-element elementor-element-581a2fc elementor-widget elementor-widget-text-editor\" data-id=\"581a2fc\" data-element_type=\"widget\" data-e-type=\"widget\" data-widget_type=\"text-editor.default\">\n\t\t\t\t\t\t\t\t\t<p><span class=\"NormalTextRun SCXW80517678 BCX8\">DE ABBET <\/span><span class=\"NormalTextRun SCXW80517678 BCX8\">begeleidt en <\/span><span class=\"NormalTextRun SCXW80517678 BCX8\">ondersteunt de<\/span><span class=\"NormalTextRun SCXW80517678 BCX8\"> verenigingen in <\/span><span class=\"NormalTextRun SCXW80517678 BCX8\">Brussel<\/span> <span class=\"NormalTextRun SCXW80517678 BCX8\">erkend door <\/span><span class=\"NormalTextRun SCXW80517678 BCX8\">de <\/span><span class=\"NormalTextRun SCXW80517678 BCX8\">FGC en <\/span><span class=\"NormalTextRun SCXW80517678 BCX8\">de <\/span><span class=\"NormalTextRun SCXW80517678 BCX8\">GGC<\/span><\/p>\n\t\t\t\t\t\t\t\t<\/div>\n\t\t\t\t<\/div>\n\t\t\t\t<\/div>\n\t\t\t\t<\/div>\n\t\t\t\t\t<\/div>\n\t\t\t\t<\/div>\n\t\t<div class=\"elementor-element elementor-element-9c10847 e-flex e-con-boxed e-con e-parent\" data-id=\"9c10847\" data-element_type=\"container\" data-e-type=\"container\" data-settings=\"{&quot;background_background&quot;:&quot;classic&quot;}\">\n\t\t\t\t\t<div class=\"e-con-inner\">\n\t\t<div class=\"elementor-element elementor-element-20afc14 e-con-full e-flex e-con e-child\" data-id=\"20afc14\" data-element_type=\"container\" data-e-type=\"container\">\n\t\t<div class=\"elementor-element elementor-element-ca5a94e e-con-full e-flex e-con e-child\" data-id=\"ca5a94e\" data-element_type=\"container\" data-e-type=\"container\">\n\t\t<div class=\"elementor-element elementor-element-15768ff e-con-full e-flex e-con e-child\" data-id=\"15768ff\" data-element_type=\"container\" data-e-type=\"container\">\n\t\t\t\t<div class=\"elementor-element elementor-element-1e45a58 elementor-widget elementor-widget-text-editor\" data-id=\"1e45a58\" data-element_type=\"widget\" data-e-type=\"widget\" data-widget_type=\"text-editor.default\">\n\t\t\t\t\t\t\t\t\t<p>Zoek naar de naam van uw instelling om uw sector te verifi\u00ebren.<\/p>\t\t\t\t\t\t\t\t<\/div>\n\t\t\t\t<div class=\"elementor-element elementor-element-d54b1db elementor-search-form--skin-classic elementor-search-form--button-type-icon elementor-search-form--icon-search elementor-widget elementor-widget-search-form\" data-id=\"d54b1db\" data-element_type=\"widget\" data-e-type=\"widget\" data-settings=\"{&quot;skin&quot;:&quot;classic&quot;}\" data-widget_type=\"search-form.default\">\n\t\t\t\t\t\t\t<search role=\"search\">\n\t\t\t<form class=\"elementor-search-form\" action=\"https:\/\/abbet.be\/nl\/\" method=\"get\" data-trp-original-action=\"https:\/\/abbet.be\/nl\">\n\t\t\t\t\t\t\t\t\t\t\t\t<div class=\"elementor-search-form__container\">\n\t\t\t\t\t<label class=\"elementor-screen-only\" for=\"elementor-search-form-d54b1db\">Search<\/label>\n\n\t\t\t\t\t\n\t\t\t\t\t<input id=\"elementor-search-form-d54b1db\" placeholder=\"Zoek naar de naam van uw instelling\" class=\"elementor-search-form__input\" type=\"search\" name=\"s\" value=\"\">\n\t\t\t\t\t\n\t\t\t\t\t\t\t\t\t\t\t<button class=\"elementor-search-form__submit\" type=\"submit\" aria-label=\"Search\">\n\t\t\t\t\t\t\t\t\t\t\t\t\t\t\t<div class=\"e-font-icon-svg-container\"><svg class=\"fa fa-search e-font-icon-svg e-fas-search\" viewbox=\"0 0 512 512\" xmlns=\"http:\/\/www.w3.org\/2000\/svg\"><path d=\"M505 442.7L405.3 343c-4.5-4.5-10.6-7-17-7H372c27.6-35.3 44-79.7 44-128C416 93.1 322.9 0 208 0S0 93.1 0 208s93.1 208 208 208c48.3 0 92.7-16.4 128-44v16.3c0 6.4 2.5 12.5 7 17l99.7 99.7c9.4 9.4 24.6 9.4 33.9 0l28.3-28.3c9.4-9.4 9.4-24.6.1-34zM208 336c-70.7 0-128-57.2-128-128 0-70.7 57.2-128 128-128 70.7 0 128 57.2 128 128 0 70.7-57.2 128-128 128z\"><\/path><\/svg><\/div>\t\t\t\t\t\t\t\t\t\t\t\t\t<\/button>\n\t\t\t\t\t\n\t\t\t\t\t\t\t\t\t<\/div>\n\t\t\t<input type=\"hidden\" name=\"trp-form-language\" value=\"nl\"\/><\/form>\n\t\t<\/search>\n\t\t\t\t\t\t<\/div>\n\t\t\t\t<\/div>\n\t\t\t\t<\/div>\n\t\t\t\t<\/div>\n\t\t\t\t\t<\/div>\n\t\t\t\t<\/div>\n\t\t<div class=\"elementor-element elementor-element-b7bf675 e-flex e-con-boxed e-con e-parent\" data-id=\"b7bf675\" data-element_type=\"container\" data-e-type=\"container\">\n\t\t\t\t\t<div class=\"e-con-inner\">\n\t\t<div class=\"elementor-element elementor-element-1c91368 e-con-full e-flex e-con e-child\" data-id=\"1c91368\" data-element_type=\"container\" data-e-type=\"container\">\n\t\t\t\t<div class=\"elementor-element elementor-element-fd82bea elementor-widget__width-auto elementor-widget elementor-widget-text-editor\" data-id=\"fd82bea\" data-element_type=\"widget\" data-e-type=\"widget\" data-widget_type=\"text-editor.default\">\n\t\t\t\t\t\t\t\t\t<p><strong>DE ABBET<\/strong> werd opgericht in het kader van de Brusselse niet-marktovereenkomsten in 2011. Onze vzw werkt binnen de verenigingen van de vijf sectoren met een <strong>door de FGC<\/strong> :\u00a0<\/p><ul><li><strong>Instellingen en diensten voor jongeren en gehandicapten<\/strong> (ISAJH)<\/li><li><strong>Sociale bijstand en gezondheidszorg <\/strong>(ASSS)<\/li><li><strong>Aangepast werkbedrijf <\/strong>(ETA)<\/li><li><strong>Verzorging en thuishulp<\/strong> (SAD)<\/li><li><strong>Socioprofessionele inschakeling<\/strong> (SPI)<\/li><\/ul><p>Evenals in associaties met een goedkeuring <strong style=\"background-color: transparent;\">&quot; sociale cohesie &quot;<\/strong><span style=\"background-color: transparent;\">.\u00a0<\/span><\/p>\t\t\t\t\t\t\t\t<\/div>\n\t\t\t\t<\/div>\n\t\t<div class=\"elementor-element elementor-element-7796132 e-con-full e-flex e-con e-child\" data-id=\"7796132\" data-element_type=\"container\" data-e-type=\"container\">\n\t\t\t\t<div class=\"elementor-element elementor-element-a2775e5 elementor-widget__width-auto elementor-widget elementor-widget-text-editor\" data-id=\"a2775e5\" data-element_type=\"widget\" data-e-type=\"widget\" data-widget_type=\"text-editor.default\">\n\t\t\t\t\t\t\t\t\t<p>Sinds 2019 richt <strong>de ABBET<\/strong> heeft haar activiteiten uitgebreid tot verenigingen met goedkeuring van de <strong>van de GGC: <\/strong><\/p><ul><li><strong>Hulp en Zorg <\/strong>(H&amp;Z)<\/li><li><strong>Mentale gezondheid <\/strong>(GG)<\/li><li><strong>Personen met een handicap <\/strong>(Handicap)<\/li><li><strong> Senioren <\/strong>(S)<\/li><li><strong>Daklozen <\/strong>(D)<\/li><\/ul>\t\t\t\t\t\t\t\t<\/div>\n\t\t\t\t<div class=\"elementor-element elementor-element-c6a7a30 elementor-align-right elementor-widget elementor-widget-button\" data-id=\"c6a7a30\" data-element_type=\"widget\" data-e-type=\"widget\" data-widget_type=\"button.default\">\n\t\t\t\t\t\t\t\t\t\t<a class=\"elementor-button elementor-button-link elementor-size-md elementor-animation-grow\" href=\"https:\/\/abbet.be\/nl\/abt\/\">\n\t\t\t\t\t\t<span class=\"elementor-button-content-wrapper\">\n\t\t\t\t\t\t<span class=\"elementor-button-icon\">\n\t\t\t\t<i aria-hidden=\"true\" class=\"xlio ion-md-arrow-round-forward\"><\/i>\t\t\t<\/span>\n\t\t\t\t\t\t\t\t\t<span class=\"elementor-button-text\">Meer info over ABBET<\/span>\n\t\t\t\t\t<\/span>\n\t\t\t\t\t<\/a>\n\t\t\t\t\t\t\t\t<\/div>\n\t\t\t\t<\/div>\n\t\t\t\t\t<\/div>\n\t\t\t\t<\/div>\n\t\t<div class=\"elementor-element elementor-element-ae6b12b e-flex e-con-boxed e-con e-parent\" data-id=\"ae6b12b\" data-element_type=\"container\" data-e-type=\"container\">\n\t\t\t\t\t<div class=\"e-con-inner\">\n\t\t<div class=\"elementor-element elementor-element-2c1b98a e-con-full e-flex e-con e-child\" data-id=\"2c1b98a\" data-element_type=\"container\" data-e-type=\"container\">\n\t\t\t\t<div class=\"elementor-element elementor-element-0627e90 elementor-align-justify elementor-widget elementor-widget-button\" data-id=\"0627e90\" data-element_type=\"widget\" data-e-type=\"widget\" data-widget_type=\"button.default\">\n\t\t\t\t\t\t\t\t\t\t<a class=\"elementor-button elementor-button-link elementor-size-sm\" href=\"https:\/\/abbet.be\/nl\/listes-des-associations\/cocof\/\">\n\t\t\t\t\t\t<span class=\"elementor-button-content-wrapper\">\n\t\t\t\t\t\t\t\t\t<span class=\"elementor-button-text\">door de FGC<\/span>\n\t\t\t\t\t<\/span>\n\t\t\t\t\t<\/a>\n\t\t\t\t\t\t\t\t<\/div>\n\t\t\t\t<\/div>\n\t\t<div class=\"elementor-element elementor-element-1fcafe6 e-con-full e-flex e-con e-child\" data-id=\"1fcafe6\" data-element_type=\"container\" data-e-type=\"container\">\n\t\t\t\t<div class=\"elementor-element elementor-element-0bfa582 elementor-align-justify elementor-widget elementor-widget-button\" data-id=\"0bfa582\" data-element_type=\"widget\" data-e-type=\"widget\" data-widget_type=\"button.default\">\n\t\t\t\t\t\t\t\t\t\t<a class=\"elementor-button elementor-button-link elementor-size-sm\" href=\"https:\/\/abbet.be\/nl\/listes-des-associations\/cocom\/\">\n\t\t\t\t\t\t<span class=\"elementor-button-content-wrapper\">\n\t\t\t\t\t\t\t\t\t<span class=\"elementor-button-text\">GGC<\/span>\n\t\t\t\t\t<\/span>\n\t\t\t\t\t<\/a>\n\t\t\t\t\t\t\t\t<\/div>\n\t\t\t\t<\/div>\n\t\t\t\t\t<\/div>\n\t\t\t\t<\/div>\n\t\t\t\t<\/div>","protected":false},"excerpt":{"rendered":"<p>Cherchez le nom de votre institution pour v\u00e9rifier votre secteur. L\u2019ABBET a \u00e9t\u00e9 cr\u00e9\u00e9e dans le cadre des accords du non-marchand bruxellois en 2011. Notre Asbl intervient au sein des [&hellip;]<\/p>\n","protected":false},"author":1,"featured_media":0,"parent":0,"menu_order":5,"comment_status":"closed","ping_status":"closed","template":"elementor_header_footer","meta":{"_acf_changed":false,"_seopress_robots_primary_cat":"","_seopress_titles_title":"","_seopress_titles_desc":"","_seopress_robots_index":"","footnotes":""},"categories":[],"tags":[],"class_list":["post-7739","page","type-page","status-publish","hentry"],"acf":[],"_links":{"self":[{"href":"https:\/\/abbet.be\/nl\/wp-json\/wp\/v2\/pages\/7739","targetHints":{"allow":["GET"]}}],"collection":[{"href":"https:\/\/abbet.be\/nl\/wp-json\/wp\/v2\/pages"}],"about":[{"href":"https:\/\/abbet.be\/nl\/wp-json\/wp\/v2\/types\/page"}],"author":[{"embeddable":true,"href":"https:\/\/abbet.be\/nl\/wp-json\/wp\/v2\/users\/1"}],"replies":[{"embeddable":true,"href":"https:\/\/abbet.be\/nl\/wp-json\/wp\/v2\/comments?post=7739"}],"version-history":[{"count":0,"href":"https:\/\/abbet.be\/nl\/wp-json\/wp\/v2\/pages\/7739\/revisions"}],"wp:attachment":[{"href":"https:\/\/abbet.be\/nl\/wp-json\/wp\/v2\/media?parent=7739"}],"wp:term":[{"taxonomy":"category","embeddable":true,"href":"https:\/\/abbet.be\/nl\/wp-json\/wp\/v2\/categories?post=7739"},{"taxonomy":"post_tag","embeddable":true,"href":"https:\/\/abbet.be\/nl\/wp-json\/wp\/v2\/tags?post=7739"}],"curies":[{"name":"wp","href":"https:\/\/api.w.org\/{rel}","templated":true}]}}