{"id":507,"date":"2022-01-31T16:16:53","date_gmt":"2022-01-31T15:16:19","guid":{"rendered":"https:\/\/abbet.be\/abbet\/contact-2\/"},"modified":"2026-03-09T14:29:01","modified_gmt":"2026-03-09T13:29:01","slug":"contactpersoon-2","status":"publish","type":"page","link":"https:\/\/abbet.be\/nl\/contact-2\/","title":{"rendered":"Contact"},"content":{"rendered":"\t\t<div data-elementor-type=\"wp-page\" data-elementor-id=\"507\" class=\"elementor elementor-507\" data-elementor-post-type=\"page\">\n\t\t\t\t<div class=\"elementor-element elementor-element-6e4300f e-flex e-con-boxed e-con e-parent\" data-id=\"6e4300f\" data-element_type=\"container\" data-e-type=\"container\" data-settings=\"{&quot;background_background&quot;:&quot;classic&quot;}\">\n\t\t\t\t\t<div class=\"e-con-inner\">\n\t\t<div class=\"elementor-element elementor-element-45ae2bb e-con-full e-flex e-con e-child\" data-id=\"45ae2bb\" data-element_type=\"container\" data-e-type=\"container\">\n\t\t\t\t<div class=\"elementor-element elementor-element-8463815 elementor-widget elementor-widget-heading\" data-id=\"8463815\" data-element_type=\"widget\" data-e-type=\"widget\" data-widget_type=\"heading.default\">\n\t\t\t\t\t<h1 class=\"elementor-heading-title elementor-size-default\">Contact<\/h1>\t\t\t\t<\/div>\n\t\t\t\t<div class=\"elementor-element elementor-element-bbea86f elementor-widget elementor-widget-spacer\" data-id=\"bbea86f\" data-element_type=\"widget\" data-e-type=\"widget\" data-widget_type=\"spacer.default\">\n\t\t\t\t\t\t\t<div class=\"elementor-spacer\">\n\t\t\t<div class=\"elementor-spacer-inner\"><\/div>\n\t\t<\/div>\n\t\t\t\t\t\t<\/div>\n\t\t\t\t<\/div>\n\t\t\t\t\t<\/div>\n\t\t\t\t<\/div>\n\t\t<div class=\"elementor-element elementor-element-c6dd2bf e-flex e-con-boxed e-con e-parent\" data-id=\"c6dd2bf\" data-element_type=\"container\" data-e-type=\"container\" data-settings=\"{&quot;background_background&quot;:&quot;classic&quot;,&quot;motion_fx_motion_fx_scrolling&quot;:&quot;yes&quot;,&quot;motion_fx_translateY_effect&quot;:&quot;yes&quot;,&quot;motion_fx_translateY_speed&quot;:{&quot;unit&quot;:&quot;px&quot;,&quot;size&quot;:&quot;0.5&quot;,&quot;sizes&quot;:[]},&quot;motion_fx_translateY_affectedRange&quot;:{&quot;unit&quot;:&quot;%&quot;,&quot;size&quot;:&quot;&quot;,&quot;sizes&quot;:{&quot;start&quot;:0,&quot;end&quot;:100}},&quot;motion_fx_devices&quot;:[&quot;desktop&quot;,&quot;tablet&quot;,&quot;mobile&quot;]}\">\n\t\t\t\t\t<div class=\"e-con-inner\">\n\t\t<div class=\"elementor-element elementor-element-323b629 e-con-full e-flex e-con e-child\" data-id=\"323b629\" data-element_type=\"container\" data-e-type=\"container\">\n\t\t<div class=\"elementor-element elementor-element-05e2d93 e-flex e-con-boxed e-con e-child\" data-id=\"05e2d93\" data-element_type=\"container\" data-e-type=\"container\">\n\t\t\t\t\t<div class=\"e-con-inner\">\n\t\t\t\t<div class=\"elementor-element elementor-element-70c8190 elementor-widget__width-auto elementor-widget-mobile__width-inherit elementor-widget elementor-widget-image-box\" data-id=\"70c8190\" data-element_type=\"widget\" data-e-type=\"widget\" data-widget_type=\"image-box.default\">\n\t\t\t\t\t<div class=\"elementor-image-box-wrapper\"><div class=\"elementor-image-box-content\"><h3 class=\"elementor-image-box-title\">Adresse:<\/h3><p class=\"elementor-image-box-description\">Square Sainctelette 13-15, <br \/>1000 Bruxelles<\/p><\/div><\/div>\t\t\t\t<\/div>\n\t\t\t\t<div class=\"elementor-element elementor-element-443f7e0 elementor-widget__width-auto elementor-widget-mobile__width-inherit elementor-widget elementor-widget-image-box\" data-id=\"443f7e0\" data-element_type=\"widget\" data-e-type=\"widget\" data-widget_type=\"image-box.default\">\n\t\t\t\t\t<div class=\"elementor-image-box-wrapper\"><div class=\"elementor-image-box-content\"><h3 class=\"elementor-image-box-title\">E-mail:<\/h3><p class=\"elementor-image-box-description\">info@abbet.be<\/p><\/div><\/div>\t\t\t\t<\/div>\n\t\t\t\t<div class=\"elementor-element elementor-element-ffa6c79 elementor-widget__width-auto elementor-widget-mobile__width-inherit elementor-widget elementor-widget-image-box\" data-id=\"ffa6c79\" data-element_type=\"widget\" data-e-type=\"widget\" data-widget_type=\"image-box.default\">\n\t\t\t\t\t<div class=\"elementor-image-box-wrapper\"><div class=\"elementor-image-box-content\"><h3 class=\"elementor-image-box-title\">T\u00e9l\u00e9phone: <\/h3><p class=\"elementor-image-box-description\">02\/227 62 02<br><i>Lundi matin : pas de permanence \nt\u00e9l\u00e9phonique (r\u00e9union d'\u00e9quipe)<\/i><\/p><\/div><\/div>\t\t\t\t<\/div>\n\t\t\t\t\t<\/div>\n\t\t\t\t<\/div>\n\t\t\t\t<div class=\"elementor-element elementor-element-f13ef89 elementor-widget elementor-widget-google_maps\" data-id=\"f13ef89\" data-element_type=\"widget\" data-e-type=\"widget\" data-widget_type=\"google_maps.default\">\n\t\t\t\t\t\t\t<div class=\"elementor-custom-embed\">\n\t\t\t<iframe loading=\"lazy\"\n\t\t\t\t\tsrc=\"https:\/\/maps.google.com\/maps?q=Square%20Sainctelette%2013-15%2C%201000%20Bruxelles&#038;t=m&#038;z=15&#038;output=embed&#038;iwloc=near\"\n\t\t\t\t\ttitle=\"Square Sainctelette 13-15, 1000 Bruxelles\"\n\t\t\t\t\taria-label=\"Square Sainctelette 13-15, 1000 Bruxelles\"\n\t\t\t><\/iframe>\n\t\t<\/div>\n\t\t\t\t\t\t<\/div>\n\t\t\t\t<div class=\"elementor-element elementor-element-6df74ca elementor-widget elementor-widget-heading\" data-id=\"6df74ca\" data-element_type=\"widget\" data-e-type=\"widget\" data-widget_type=\"heading.default\">\n\t\t\t\t\t<h2 class=\"elementor-heading-title elementor-size-default\">Une demande\u202f? Une question\u202f?<\/h2>\t\t\t\t<\/div>\n\t\t\t\t<div class=\"elementor-element elementor-element-1fb0f97 elementor-widget elementor-widget-text-editor\" data-id=\"1fb0f97\" data-element_type=\"widget\" data-e-type=\"widget\" data-widget_type=\"text-editor.default\">\n\t\t\t\t\t\t\t\t\t<div id=\"translation\"><div class=\"gtx-body\">Pour les demandes g\u00e9n\u00e9rales et les questions, n&#8217;h\u00e9sitez pas \u00e0 nous envoyer un e-mail, \u00e0 nous appeler ou \u00e0 nous envoyer un message en remplissant le formulaire de contact ci-dessous.<\/div><\/div>\t\t\t\t\t\t\t\t<\/div>\n\t\t\t\t<div class=\"elementor-element elementor-element-dd217be elementor-widget elementor-widget-wpforms\" data-id=\"dd217be\" data-element_type=\"widget\" data-e-type=\"widget\" data-widget_type=\"wpforms.default\">\n\t\t\t\t<div class=\"elementor-widget-container\">\n\t\t\t\t\t<style id=\"wpforms-css-vars-elementor-widget-dd217be\">\n\t\t\t\t.elementor-widget-wpforms.elementor-element-dd217be {\n\t\t\t\t--wpforms-field-border-color: #B9BF4F;\n--wpforms-field-border-color-spare: #B9BF4F;\n--wpforms-label-color: #5377A6;\n--wpforms-button-border-radius: 30px;\n--wpforms-button-background-color: #F26513;\n\t\t\t}\n\t\t\t<\/style><div class=\"wpforms-container wpforms-container-full wpforms-render-modern\" id=\"wpforms-10524\"><form id=\"wpforms-form-10524\" class=\"wpforms-validate wpforms-form wpforms-ajax-form\" data-formid=\"10524\" method=\"post\" enctype=\"multipart\/form-data\" action=\"\/nl\/wp-json\/wp\/v2\/pages\/507\" data-token=\"81b19436b7c1a65bc3240088fc1c5a73\" data-token-time=\"1777206837\"><noscript class=\"wpforms-error-noscript\">Schakel JavaScript in je browser in om dit formulier in te vullen.<\/noscript><div id=\"wpforms-error-noscript\" style=\"display: none;\">Schakel JavaScript in je browser in om dit formulier in te vullen.<\/div><div class=\"wpforms-field-container\"><div id=\"wpforms-10524-field_1-container\" class=\"wpforms-field wpforms-field-name\" data-field-id=\"1\"><fieldset><legend class=\"wpforms-field-label\">Vous-\u00eates ? <span class=\"wpforms-required-label\" aria-hidden=\"true\">*<\/span><\/legend><div class=\"wpforms-field-row wpforms-field-large\"><div class=\"wpforms-field-row-block wpforms-first wpforms-one-half\"><input type=\"text\" id=\"wpforms-10524-field_1\" class=\"wpforms-field-name-first wpforms-field-required\" name=\"wpforms[fields][1][first]\" placeholder=\"Pr\u00e9nom\" aria-errormessage=\"wpforms-10524-field_1-error\" required><label for=\"wpforms-10524-field_1\" class=\"wpforms-field-sublabel after wpforms-sublabel-hide\">Voornaam<\/label><\/div><div class=\"wpforms-field-row-block wpforms-one-half\"><input type=\"text\" id=\"wpforms-10524-field_1-last\" class=\"wpforms-field-name-last wpforms-field-required\" name=\"wpforms[fields][1][last]\" placeholder=\"Nom\" aria-errormessage=\"wpforms-10524-field_1-last-error\" required><label for=\"wpforms-10524-field_1-last\" class=\"wpforms-field-sublabel after wpforms-sublabel-hide\">Achternaam<\/label><\/div><\/div><\/fieldset><\/div><div id=\"wpforms-10524-field_2-container\" class=\"wpforms-field wpforms-field-email wpforms-one-half wpforms-first\" data-field-id=\"2\"><label class=\"wpforms-field-label\" for=\"wpforms-10524-field_2\">E-mail <span class=\"wpforms-required-label\" aria-hidden=\"true\">*<\/span><\/label><input type=\"email\" id=\"wpforms-10524-field_2\" class=\"wpforms-field-large wpforms-field-required\" name=\"wpforms[fields][2]\" placeholder=\"E-mail\" spellcheck=\"false\" aria-errormessage=\"wpforms-10524-field_2-error\" required><\/div><div id=\"wpforms-10524-field_3-container\" class=\"wpforms-field wpforms-field-phone wpforms-one-half\" data-field-id=\"3\"><label class=\"wpforms-field-label\" for=\"wpforms-10524-field_3\">T\u00e9l\u00e9phone<\/label><input type=\"tel\" id=\"wpforms-10524-field_3\" class=\"wpforms-field-large wpforms-smart-phone-field\" data-rule-smart-phone-field=\"true\" name=\"wpforms[fields][3]\" placeholder=\"T\u00e9l\u00e9phone\" aria-label=\"T\u00e9l\u00e9phone\" aria-errormessage=\"wpforms-10524-field_3-error\" ><\/div><div id=\"wpforms-10524-field_4-container\" class=\"wpforms-field wpforms-field-textarea\" data-field-id=\"4\"><label class=\"wpforms-field-label\" for=\"wpforms-10524-field_4\">Votre message <span class=\"wpforms-required-label\" aria-hidden=\"true\">*<\/span><\/label><textarea id=\"wpforms-10524-field_4\" class=\"wpforms-field-medium wpforms-field-required\" name=\"wpforms[fields][4]\" placeholder=\"Votre message\" aria-errormessage=\"wpforms-10524-field_4-error\" required><\/textarea><\/div><div id=\"wpforms-10524-field_5-container\" class=\"wpforms-field wpforms-field-select wpforms-field-select-style-classic\" data-field-id=\"5\"><label class=\"wpforms-field-label\" for=\"wpforms-10524-field_5\">Je souhaite atteindre les personnes suivantes\u202f <span class=\"wpforms-required-label\" aria-hidden=\"true\">*<\/span><\/label><select id=\"wpforms-10524-field_5\" class=\"wpforms-field-large wpforms-field-required\" name=\"wpforms[fields][5]\" required=\"required\"><option value=\"Abbet asbl\"  class=\"choice-8 depth-1\"  >Abbet asbl<\/option><option value=\"Rachel Carton\"  class=\"choice-1 depth-1\"  >Rachel Carton<\/option><option value=\"Fran\u00e7ois Willemot\"  class=\"choice-2 depth-1\"  >Fran\u00e7ois Willemot<\/option><option value=\"Elisabeth Trivi\u00e8re\"  class=\"choice-3 depth-1\"  >Elisabeth Trivi\u00e8re<\/option><option value=\"Elisabeth Habimana\"  class=\"choice-4 depth-1\"  >Elisabeth Habimana<\/option><option value=\"St\u00e9phanie Cambron\"  class=\"choice-5 depth-1\"  >St\u00e9phanie Cambron<\/option><option value=\"Fran\u00e7oise Castelain\"  class=\"choice-6 depth-1\"  >Fran\u00e7oise Castelain<\/option><option value=\"Coline Roulin\"  class=\"choice-7 depth-1\"  >Coline Roulin<\/option><option value=\"Sophie Bourlon\"  class=\"choice-9 depth-1\"  >Sophie Bourlon<\/option><\/select><\/div><\/div><!-- .wpforms-field-container --><div class=\"wpforms-submit-container\" ><input type=\"hidden\" name=\"wpforms[id]\" value=\"10524\"><input type=\"hidden\" name=\"page_title\" value=\"\"><input type=\"hidden\" name=\"page_url\" value=\"https:\/\/abbet.be\/nl\/wp-json\/wp\/v2\/pages\/507\"><input type=\"hidden\" name=\"url_referer\" value=\"\"><button type=\"submit\" name=\"wpforms[submit]\" id=\"wpforms-submit-10524\" class=\"wpforms-submit\" data-alt-text=\"Envoi...\" data-submit-text=\"Envoyer\" aria-live=\"assertive\" value=\"wpforms-submit\">Envoyer<\/button><img decoding=\"async\" src=\"https:\/\/abbet.be\/wp-content\/plugins\/wpforms\/assets\/images\/submit-spin.svg\" class=\"wpforms-submit-spinner\" style=\"display: none;\" width=\"26\" height=\"26\" alt=\"Aan het laden\"><\/div><\/form><\/div>  <!-- .wpforms-container -->\t\t\t\t<\/div>\n\t\t\t\t<\/div>\n\t\t\t\t<\/div>\n\t\t\t\t\t<\/div>\n\t\t\t\t<\/div>\n\t\t\t\t<\/div>\n\t\t","protected":false},"excerpt":{"rendered":"<p>Adresse: Square Sainctelette 13-15, 1000 Bruxelles E-mail: info@abbet.be T\u00e9l\u00e9phone: 02\/227 62 02Lundi matin : pas de permanence t\u00e9l\u00e9phonique (r\u00e9union d&#8217;\u00e9quipe) Une demande\u202f? Une question\u202f? Pour les demandes g\u00e9n\u00e9rales et les [&hellip;]<\/p>\n","protected":false},"author":1,"featured_media":0,"parent":0,"menu_order":7,"comment_status":"closed","ping_status":"closed","template":"elementor_header_footer","meta":{"_acf_changed":false,"_seopress_robots_primary_cat":"","_seopress_titles_title":"","_seopress_titles_desc":"","_seopress_robots_index":"","footnotes":""},"categories":[],"tags":[],"class_list":["post-507","page","type-page","status-publish","hentry"],"acf":[],"_links":{"self":[{"href":"https:\/\/abbet.be\/nl\/wp-json\/wp\/v2\/pages\/507","targetHints":{"allow":["GET"]}}],"collection":[{"href":"https:\/\/abbet.be\/nl\/wp-json\/wp\/v2\/pages"}],"about":[{"href":"https:\/\/abbet.be\/nl\/wp-json\/wp\/v2\/types\/page"}],"author":[{"embeddable":true,"href":"https:\/\/abbet.be\/nl\/wp-json\/wp\/v2\/users\/1"}],"replies":[{"embeddable":true,"href":"https:\/\/abbet.be\/nl\/wp-json\/wp\/v2\/comments?post=507"}],"version-history":[{"count":3,"href":"https:\/\/abbet.be\/nl\/wp-json\/wp\/v2\/pages\/507\/revisions"}],"predecessor-version":[{"id":14818,"href":"https:\/\/abbet.be\/nl\/wp-json\/wp\/v2\/pages\/507\/revisions\/14818"}],"wp:attachment":[{"href":"https:\/\/abbet.be\/nl\/wp-json\/wp\/v2\/media?parent=507"}],"wp:term":[{"taxonomy":"category","embeddable":true,"href":"https:\/\/abbet.be\/nl\/wp-json\/wp\/v2\/categories?post=507"},{"taxonomy":"post_tag","embeddable":true,"href":"https:\/\/abbet.be\/nl\/wp-json\/wp\/v2\/tags?post=507"}],"curies":[{"name":"wp","href":"https:\/\/api.w.org\/{rel}","templated":true}]}}