{"id":14953,"date":"2026-04-22T14:48:53","date_gmt":"2026-04-22T12:48:31","guid":{"rendered":"https:\/\/abbet.be\/?page_id=14953"},"modified":"2026-04-22T15:37:06","modified_gmt":"2026-04-22T13:37:06","slug":"riskojob-spellen","status":"publish","type":"page","link":"https:\/\/abbet.be\/nl\/services\/outils\/jeux-riskojob\/","title":{"rendered":"Risk&#039;\u00f4&#039;job Games"},"content":{"rendered":"\t\t<div data-elementor-type=\"wp-post\" data-elementor-id=\"14953\" class=\"elementor elementor-14953\" data-elementor-post-type=\"page\">\n\t\t\t\t\t\t<section class=\"elementor-section elementor-top-section elementor-element elementor-element-4dab14f elementor-section-boxed elementor-section-height-default elementor-section-height-default\" data-id=\"4dab14f\" data-element_type=\"section\" data-e-type=\"section\">\n\t\t\t\t\t\t<div class=\"elementor-container elementor-column-gap-wider\">\n\t\t\t\t\t<div class=\"elementor-column elementor-col-50 elementor-top-column elementor-element elementor-element-e81a170\" data-id=\"e81a170\" data-element_type=\"column\" data-e-type=\"column\">\n\t\t\t<div class=\"elementor-widget-wrap elementor-element-populated\">\n\t\t\t\t\t\t<div class=\"elementor-element elementor-element-9210e26 elementor-widget__width-auto elementor-widget elementor-widget-text-editor\" data-id=\"9210e26\" data-element_type=\"widget\" data-e-type=\"widget\" data-widget_type=\"text-editor.default\">\n\t\t\t\t\t\t\t\t\t<p><strong><span data-olk-copy-source=\"MessageBody\">Personne ne veut perdre sa sant\u00e9 en travaillant, alors parlons-en tout en jouant !<\/span><\/strong><\/p><p>Cela fait plus de deux ans que l\u2019ABBET travaille sur la cr\u00e9ation d\u2019une s\u00e9rie d\u2019outils adapt\u00e9s \u00e0 vos r\u00e9alit\u00e9s de terrain : un jeu-panneau \u00e0 afficher dans vos locaux, un jeu Risk-\u00f4-Job que vous aurez l\u2019opportunit\u00e9 de tester avec nous, un quiz interactif, et nos vid\u00e9os YouTube d\u00e9di\u00e9es au bien-\u00eatre au travail.<\/p><p>Vous avez envie de remettre le bien-\u00eatre au travail au sein des discussions dans votre \u00e9quipe de mani\u00e8re ludique ?\u00a0<br \/>\ud83d\uddbc\ufe0f un jeu-panneau \u00e0 afficher dans vos locaux ;<br \/>\ud83c\udfb2 le jeu Risk-\u00f4-Job ;<br \/>sont l\u00e0 pour vous aider \u00e0 le faire !\u00a0<\/p><p>Ce jeu-outil a \u00e9t\u00e9 con\u00e7u pour sensibiliser et initier les \u00e9quipes \u00e0 une d\u00e9marche collective de d\u00e9tection et de pr\u00e9vention des risques au travail, tout en valorisant les comp\u00e9tences de chacun\u00b7e dans ce processus.<\/p><p>\u00c0 travers des situations concr\u00e8tes et des \u00e9changes guid\u00e9s, ce jeu permet aux participant\u00b7es :<\/p><p>\ud83d\udde3\ufe0f d\u2019ouvrir un espace d\u2019\u00e9change sur le bien-\u00eatre au travail ;<br \/>\ud83d\udc40 de d\u00e9velopper un regard critique et vigilant sur les situations de travail ;<br \/>\ud83e\udde9 d\u2019identifier les leviers d\u2019action possibles pour am\u00e9liorer nos contextes professionnels.<\/p><p>Pour le commander, veuillez remplir ce formulaire :<\/p><p>\u00a0<\/p><p><style id=\"wpforms-css-vars-14934\">\n\t\t\t\t#wpforms-14934 {\n\t\t\t\t--wpforms-field-size-input-height: 43px;\n--wpforms-field-size-input-spacing: 15px;\n--wpforms-field-size-font-size: 16px;\n--wpforms-field-size-line-height: 19px;\n--wpforms-field-size-padding-h: 14px;\n--wpforms-field-size-checkbox-size: 16px;\n--wpforms-field-size-sublabel-spacing: 5px;\n--wpforms-field-size-icon-size: 1;\n--wpforms-label-size-font-size: 16px;\n--wpforms-label-size-line-height: 19px;\n--wpforms-label-size-sublabel-font-size: 14px;\n--wpforms-label-size-sublabel-line-height: 17px;\n--wpforms-button-size-font-size: 17px;\n--wpforms-button-size-height: 41px;\n--wpforms-button-size-padding-h: 15px;\n--wpforms-button-size-margin-top: 10px;\n--wpforms-container-shadow-size-box-shadow: none;\n\t\t\t}\n\t\t\t<\/style><div class=\"wpforms-container wpforms-container-full wpforms-render-modern\" id=\"wpforms-14934\"><form id=\"wpforms-form-14934\" class=\"wpforms-validate wpforms-form wpforms-ajax-form\" data-formid=\"14934\" method=\"post\" enctype=\"multipart\/form-data\" action=\"\/nl\/wp-json\/wp\/v2\/pages\/14953\" data-token=\"af57fdf2f9a5d8990b3ab4e855e7078f\" data-token-time=\"1776874636\"><div class=\"wpforms-head-container\"><div class=\"wpforms-title\">COMMANDE JEUX RISKOJOB<\/div><\/div><noscript class=\"wpforms-error-noscript\">Schakel JavaScript in je browser in om dit formulier in te vullen.<\/noscript><div id=\"wpforms-error-noscript\" style=\"display: none;\">Schakel JavaScript in je browser in om dit formulier in te vullen.<\/div><div class=\"wpforms-field-container\"><div id=\"wpforms-14934-field_13-container\" class=\"wpforms-field wpforms-field-text\" data-field-id=\"13\"><label class=\"wpforms-field-label\" for=\"wpforms-14934-field_13\">Institution <span class=\"wpforms-required-label\" aria-hidden=\"true\">*<\/span><\/label><input type=\"text\" id=\"wpforms-14934-field_13\" class=\"wpforms-field-medium wpforms-field-required\" name=\"wpforms[fields][13]\" aria-errormessage=\"wpforms-14934-field_13-error\" required><\/div><div id=\"wpforms-14934-field_16-container\" class=\"wpforms-field wpforms-field-checkbox\" data-field-id=\"16\"><fieldset><legend class=\"wpforms-field-label\">Secteurs d&#039;activit\u00e9 <span class=\"wpforms-required-label\" aria-hidden=\"true\">*<\/span><\/legend><ul id=\"wpforms-14934-field_16\" class=\"wpforms-field-required\"><li class=\"choice-1 depth-1\"><input type=\"checkbox\" id=\"wpforms-14934-field_16_1\" name=\"wpforms[fields][16][]\" value=\"ASBL \/ Services publics (NOS SECTEURS\/BENEFICIAIRES)\" aria-errormessage=\"wpforms-14934-field_16_1-error\" required ><label class=\"wpforms-field-label-inline\" for=\"wpforms-14934-field_16_1\">ASBL \/ Services publics (NOS SECTEURS\/BENEFICIAIRES)<\/label><\/li><li class=\"choice-3 depth-1\"><input type=\"checkbox\" id=\"wpforms-14934-field_16_3\" name=\"wpforms[fields][16][]\" value=\"ASBL \/ Services publics (hors nos secteurs)\" aria-errormessage=\"wpforms-14934-field_16_3-error\" required ><label class=\"wpforms-field-label-inline\" for=\"wpforms-14934-field_16_3\">ASBL \/ Services publics (hors nos secteurs)<\/label><\/li><li class=\"choice-2 depth-1\"><input type=\"checkbox\" id=\"wpforms-14934-field_16_2\" name=\"wpforms[fields][16][]\" value=\"Autre\" aria-errormessage=\"wpforms-14934-field_16_2-error\" required ><label class=\"wpforms-field-label-inline\" for=\"wpforms-14934-field_16_2\">Autre<\/label><\/li><\/ul><\/fieldset><\/div><div id=\"wpforms-14934-field_17-container\" class=\"wpforms-field wpforms-field-email\" data-field-id=\"17\"><label class=\"wpforms-field-label\" for=\"wpforms-14934-field_17\">Quantit\u00e9 souhait\u00e9e de jeux <span class=\"wpforms-required-label\" aria-hidden=\"true\">*<\/span><\/label><input type=\"email\" id=\"wpforms-14934-field_17\" class=\"wpforms-field-medium wpforms-field-required\" name=\"wpforms[fields][17]\" spellcheck=\"false\" aria-errormessage=\"wpforms-14934-field_17-error\" required><\/div><div id=\"wpforms-14934-field_15-container\" class=\"wpforms-field wpforms-field-checkbox\" data-field-id=\"15\"><fieldset><legend class=\"wpforms-field-label\">Co\u00fbt jeux <span class=\"wpforms-required-label\" aria-hidden=\"true\">*<\/span><\/legend><ul id=\"wpforms-14934-field_15\" class=\"wpforms-field-required\"><li class=\"choice-3 depth-1\"><input type=\"checkbox\" id=\"wpforms-14934-field_15_3\" name=\"wpforms[fields][15][]\" value=\"Gratuit\" aria-errormessage=\"wpforms-14934-field_15_3-error\" required ><label class=\"wpforms-field-label-inline\" for=\"wpforms-14934-field_15_3\">Gratuit<\/label><\/li><li class=\"choice-1 depth-1\"><input type=\"checkbox\" id=\"wpforms-14934-field_15_1\" name=\"wpforms[fields][15][]\" value=\"30\u20ac\" aria-errormessage=\"wpforms-14934-field_15_1-error\" required ><label class=\"wpforms-field-label-inline\" for=\"wpforms-14934-field_15_1\">30\u20ac<\/label><\/li><li class=\"choice-2 depth-1\"><input type=\"checkbox\" id=\"wpforms-14934-field_15_2\" name=\"wpforms[fields][15][]\" value=\"85\u20ac\" aria-errormessage=\"wpforms-14934-field_15_2-error\" required ><label class=\"wpforms-field-label-inline\" for=\"wpforms-14934-field_15_2\">85\u20ac<\/label><\/li><\/ul><\/fieldset><\/div><div id=\"wpforms-14934-field_9-container\" class=\"wpforms-field wpforms-field-text\" data-field-id=\"9\"><label class=\"wpforms-field-label\" for=\"wpforms-14934-field_9\">NOM \/ Personne de contact ou autre (pour facturation)<\/label><input type=\"text\" id=\"wpforms-14934-field_9\" class=\"wpforms-field-medium\" name=\"wpforms[fields][9]\" aria-errormessage=\"wpforms-14934-field_9-error\" ><\/div><div id=\"wpforms-14934-field_7-container\" class=\"wpforms-field wpforms-field-email\" data-field-id=\"7\"><label class=\"wpforms-field-label\" for=\"wpforms-14934-field_7\">E-mail (pour facturation)<\/label><input type=\"email\" id=\"wpforms-14934-field_7\" class=\"wpforms-field-medium\" name=\"wpforms[fields][7]\" spellcheck=\"false\" aria-errormessage=\"wpforms-14934-field_7-error\" ><\/div><div id=\"wpforms-14934-field_18-container\" class=\"wpforms-field wpforms-field-email\" data-field-id=\"18\"><label class=\"wpforms-field-label\" for=\"wpforms-14934-field_18\">Adresse (pour facturation)<\/label><input type=\"email\" id=\"wpforms-14934-field_18\" class=\"wpforms-field-medium\" name=\"wpforms[fields][18]\" spellcheck=\"false\" aria-errormessage=\"wpforms-14934-field_18-error\" ><\/div>\t\t<div id=\"wpforms-14934-field_1-container\"\n\t\t\tclass=\"wpforms-field wpforms-field-text\"\n\t\t\tdata-field-type=\"text\"\n\t\t\tdata-field-id=\"1\"\n\t\t\t>\n\t\t\t<label class=\"wpforms-field-label\" for=\"wpforms-14934-field_1\" >(pour d&#039;activit\u00e9 E-mail<\/label>\n\t\t\t<input type=\"text\" id=\"wpforms-14934-field_1\" class=\"wpforms-field-medium\" name=\"wpforms[fields][1]\" >\n\t\t<\/div>\n\t\t<div id=\"wpforms-14934-field_20-container\" class=\"wpforms-field wpforms-field-email\" data-field-id=\"20\"><label class=\"wpforms-field-label\" for=\"wpforms-14934-field_20\">T\u00e9l\u00e9phone (pour facturation)<\/label><input type=\"email\" id=\"wpforms-14934-field_20\" class=\"wpforms-field-medium\" name=\"wpforms[fields][20]\" spellcheck=\"false\" aria-errormessage=\"wpforms-14934-field_20-error\" ><\/div><div id=\"wpforms-14934-field_19-container\" class=\"wpforms-field wpforms-field-email\" data-field-id=\"19\"><label class=\"wpforms-field-label\" for=\"wpforms-14934-field_19\">Remarques<\/label><input type=\"email\" id=\"wpforms-14934-field_19\" class=\"wpforms-field-medium\" name=\"wpforms[fields][19]\" spellcheck=\"false\" aria-errormessage=\"wpforms-14934-field_19-error\" ><\/div><script>\n\t\t\t\t( function() {\n\t\t\t\t\tconst style = document.createElement( 'style' );\n\t\t\t\t\tstyle.appendChild( document.createTextNode( '#wpforms-14934-field_1-container { position: absolute !important; overflow: hidden !important; display: inline !important; height: 1px !important; width: 1px !important; z-index: -1000 !important; padding: 0 !important; } #wpforms-14934-field_1-container input { visibility: hidden; } #wpforms-conversational-form-page #wpforms-14934-field_1-container label { counter-increment: none; }' ) );\n\t\t\t\t\tdocument.head.appendChild( style );\n\t\t\t\t\tdocument.currentScript?.remove();\n\t\t\t\t} )();\n\t\t\t<\/script><\/div><!-- .wpforms-field-container --><div class=\"wpforms-submit-container\" ><input type=\"hidden\" name=\"wpforms[id]\" value=\"14934\"><input type=\"hidden\" name=\"page_title\" value=\"\"><input type=\"hidden\" name=\"page_url\" value=\"https:\/\/abbet.be\/nl\/wp-json\/wp\/v2\/pages\/14953\"><input type=\"hidden\" name=\"url_referer\" value=\"\"><button type=\"submit\" name=\"wpforms[submit]\" id=\"wpforms-submit-14934\" class=\"wpforms-submit\" data-alt-text=\"Envoi...\" data-submit-text=\"Envoyer\" aria-live=\"assertive\" value=\"wpforms-submit\">Envoyer<\/button><img decoding=\"async\" src=\"https:\/\/abbet.be\/wp-content\/plugins\/wpforms\/assets\/images\/submit-spin.svg\" class=\"wpforms-submit-spinner\" style=\"display: none;\" width=\"26\" height=\"26\" alt=\"Aan het laden\"><\/div><\/form><\/div>  <!-- .wpforms-container --><\/p>\t\t\t\t\t\t\t\t<\/div>\n\t\t\t\t\t<\/div>\n\t\t<\/div>\n\t\t\t\t<div class=\"elementor-column elementor-col-50 elementor-top-column elementor-element elementor-element-f770a8b\" data-id=\"f770a8b\" data-element_type=\"column\" data-e-type=\"column\">\n\t\t\t<div class=\"elementor-widget-wrap\">\n\t\t\t\t\t\t\t<\/div>\n\t\t<\/div>\n\t\t\t\t\t<\/div>\n\t\t<\/section>\n\t\t\t\t<\/div>\n\t\t","protected":false},"excerpt":{"rendered":"<p>Le Guide du bien-\u00eatre au travail est un outil simple et concret qui met en avant l&#8217;essentiel des obligations en mati\u00e8re de bien-\u00eatre au travail et propose des documents pr\u00eats \u00e0 l&#8217;emploi.<br \/>\nIl a pour objectif d&#8217;aider les associations face aux actions \u00e0 mener pour le bien-\u00eatre des travailleurs.<\/p>\n<p>Ce guide comprend:<\/p>\n<ol>\n<li> Une premi\u00e8re partie qui recense les obligations l\u00e9gales et qui est pr\u00e9sent\u00e9e en deux temps: Les \u00abPremiers Pas\u00bb et ensuite \u00abPour aller plus loin.\u00bb<\/li>\n<li> La deuxi\u00e8me partie reprend les documents types pr\u00eats \u00e0 l&#8217;emploi et les fiches informatives. <\/li>\n<\/ol>\n<p>Pour acc\u00e9der \u00e0 <a href=\"https:\/\/abbet.be\/abbet\/wp-content\/uploads\/sites\/2\/2020\/10\/table_des_matieres.pdf\">*<strong>la table des mati\u00e8res en version pdf<\/strong>*], [cliquer ici<\/a><\/p>\n<p><strong><a href=\"https:\/\/abbet.be\/abbet\/wp-content\/uploads\/sites\/2\/2020\/10\/avant-propos.pdf\">Avant-Propos<\/a><\/strong><br \/>\n<a href=\"https:\/\/abbet.be\/abbet\/wp-content\/uploads\/sites\/2\/2020\/10\/introduction.pdf\"><strong>Introduction<\/a><\/strong><\/p>\n<p>[([bleu]<em>Notre GUIDE est disponible <strong>gratuitement<\/strong> pour <a href=\"rub49\"><strong>les associations de nos secteurs<\/strong><\/a>.<br \/>\nPour y avoir acc\u00e8s, il suffit de vous inscrire ci-dessous.<br \/>\nPour les <strong>institutions hors secteurs<\/strong>, il est possible de commander le GUIDE via notre <a href=\"https:\/\/abbet.be\/abbet\/wp-content\/uploads\/sites\/2\/2020\/10\/2020_20bon_20de_20commande_20abbet-2.docx\">bon de commande<\/a> \u00e0 renvoyer \u00e0 l\u2019adresse : info@abbet.be.<\/em>[\/bleu])]<\/p>\n","protected":false},"author":2307,"featured_media":14941,"parent":7421,"menu_order":1,"comment_status":"closed","ping_status":"open","template":"","meta":{"_acf_changed":false,"_seopress_robots_primary_cat":"","_seopress_titles_title":"","_seopress_titles_desc":"","_seopress_robots_index":"","footnotes":""},"categories":[],"tags":[],"class_list":["post-14953","page","type-page","status-publish","has-post-thumbnail","hentry"],"acf":[],"_links":{"self":[{"href":"https:\/\/abbet.be\/nl\/wp-json\/wp\/v2\/pages\/14953","targetHints":{"allow":["GET"]}}],"collection":[{"href":"https:\/\/abbet.be\/nl\/wp-json\/wp\/v2\/pages"}],"about":[{"href":"https:\/\/abbet.be\/nl\/wp-json\/wp\/v2\/types\/page"}],"author":[{"embeddable":true,"href":"https:\/\/abbet.be\/nl\/wp-json\/wp\/v2\/users\/2307"}],"replies":[{"embeddable":true,"href":"https:\/\/abbet.be\/nl\/wp-json\/wp\/v2\/comments?post=14953"}],"version-history":[{"count":10,"href":"https:\/\/abbet.be\/nl\/wp-json\/wp\/v2\/pages\/14953\/revisions"}],"predecessor-version":[{"id":15001,"href":"https:\/\/abbet.be\/nl\/wp-json\/wp\/v2\/pages\/14953\/revisions\/15001"}],"up":[{"embeddable":true,"href":"https:\/\/abbet.be\/nl\/wp-json\/wp\/v2\/pages\/7421"}],"wp:featuredmedia":[{"embeddable":true,"href":"https:\/\/abbet.be\/nl\/wp-json\/wp\/v2\/media\/14941"}],"wp:attachment":[{"href":"https:\/\/abbet.be\/nl\/wp-json\/wp\/v2\/media?parent=14953"}],"wp:term":[{"taxonomy":"category","embeddable":true,"href":"https:\/\/abbet.be\/nl\/wp-json\/wp\/v2\/categories?post=14953"},{"taxonomy":"post_tag","embeddable":true,"href":"https:\/\/abbet.be\/nl\/wp-json\/wp\/v2\/tags?post=14953"}],"curies":[{"name":"wp","href":"https:\/\/api.w.org\/{rel}","templated":true}]}}