{"id":1092,"date":"2022-03-11T22:06:32","date_gmt":"2022-03-11T21:06:32","guid":{"rendered":"https:\/\/abbet.be\/abbet\/register\/"},"modified":"2022-05-23T10:27:23","modified_gmt":"2022-05-23T08:27:23","slug":"register","status":"publish","type":"page","link":"https:\/\/abbet.be\/nl\/register\/","title":{"rendered":"Register"},"content":{"rendered":"<div data-elementor-type=\"wp-page\" data-elementor-id=\"1092\" class=\"elementor elementor-1092\" data-elementor-post-type=\"page\">\n\t\t\t\t\t\t<section class=\"elementor-section elementor-top-section elementor-element elementor-element-94f6847 elementor-section-height-full elementor-section-boxed elementor-section-height-default elementor-section-items-middle\" data-id=\"94f6847\" data-element_type=\"section\" data-e-type=\"section\">\n\t\t\t\t\t\t<div class=\"elementor-container elementor-column-gap-default\">\n\t\t\t\t\t<div class=\"elementor-column elementor-col-100 elementor-top-column elementor-element elementor-element-b7a7f01\" data-id=\"b7a7f01\" data-element_type=\"column\" data-e-type=\"column\">\n\t\t\t<div class=\"elementor-widget-wrap elementor-element-populated\">\n\t\t\t\t\t\t<div class=\"elementor-element elementor-element-6644aad elementor-widget elementor-widget-image\" data-id=\"6644aad\" data-element_type=\"widget\" data-e-type=\"widget\" data-widget_type=\"image.default\">\n\t\t\t\t\t\t\t\t\t\t\t\t\t\t\t<img fetchpriority=\"high\" decoding=\"async\" width=\"800\" height=\"254\" src=\"https:\/\/abbet.be\/wp-content\/uploads\/2022\/01\/logo-vert.svg\" class=\"attachment-large size-large wp-image-7301\" alt=\"\" \/>\t\t\t\t\t\t\t\t\t\t\t\t\t\t\t<\/div>\n\t\t\t\t<div class=\"elementor-element elementor-element-2fd5031 elementor-widget elementor-widget-shortcode\" data-id=\"2fd5031\" data-element_type=\"widget\" data-e-type=\"widget\" data-widget_type=\"shortcode.default\">\n\t\t\t\t\t\t\t<div class=\"elementor-shortcode\">\n<div class=\"um um-register um-1080\">\n\t<div class=\"um-form\" data-mode=\"register\">\n\t\t<form method=\"post\" action=\"\" data-trp-original-action=\"\">\n\t\t\t<div class=\"um-row _um_row_1\" style=\"margin: 0 0 30px 0;\"><div class=\"um-col-121\"><div  id=\"um_field_1080_institution\" class=\"um-field um-field-text  um-field-institution um-field-text um-field-type_text\" data-key=\"institution\"><div class=\"um-field-label\"><label for=\"institution-1080\">Instelling<\/label><div class=\"um-clear\"><\/div><\/div><div class=\"um-field-area\"><input  autocomplete=\"off\" class=\"um-form-field valid\" type=\"text\" name=\"institution-1080\" id=\"institution-1080\" value=\"\" placeholder=\"\" data-validate=\"\" data-key=\"institution\"  aria-invalid=\"false\" \/>\n\n\t\t\t\t\t\t<\/div><\/div><div  id=\"um_field_1080_first_name\" class=\"um-field um-field-text  um-field-first_name um-field-text um-field-type_text\" data-key=\"first_name\"><div class=\"um-field-label\"><label for=\"first_name-1080\">Voornaam<\/label><div class=\"um-clear\"><\/div><\/div><div class=\"um-field-area\"><input  autocomplete=\"off\" class=\"um-form-field valid not-required\" type=\"text\" name=\"first_name-1080\" id=\"first_name-1080\" value=\"\" placeholder=\"\" data-validate=\"\" data-key=\"first_name\"  aria-invalid=\"false\" \/>\n\n\t\t\t\t\t\t<\/div><\/div><div  id=\"um_field_1080_user_email\" class=\"um-field um-field-text  um-field-user_email um-field-text um-field-type_text\" data-key=\"user_email\"><div class=\"um-field-label\"><label for=\"user_email-1080\">E-mail Address<\/label><div class=\"um-clear\"><\/div><\/div><div class=\"um-field-area\"><input  autocomplete=\"off\" class=\"um-form-field valid\" type=\"text\" name=\"user_email-1080\" id=\"user_email-1080\" value=\"\" placeholder=\"\" data-validate=\"unique_email\" data-key=\"user_email\"  aria-invalid=\"false\" \/>\n\n\t\t\t\t\t\t<\/div><\/div><div  id=\"um_field_1080_code_postal\" class=\"um-field um-field-text  um-field-code_postal um-field-text um-field-type_text\" data-key=\"code_postal\"><div class=\"um-field-label\"><label for=\"code_postal-1080\">Postcode<\/label><div class=\"um-clear\"><\/div><\/div><div class=\"um-field-area\"><input  autocomplete=\"off\" class=\"um-form-field valid\" type=\"text\" name=\"code_postal-1080\" id=\"code_postal-1080\" value=\"\" placeholder=\"\" data-validate=\"numeric\" data-key=\"code_postal\"  aria-invalid=\"false\" \/>\n\n\t\t\t\t\t\t<\/div><\/div><\/div><div class=\"um-col-122\"><div  id=\"um_field_1080_user_login\" class=\"um-field um-field-text  um-field-user_login um-field-text um-field-type_text\" data-key=\"user_login\"><div class=\"um-field-label\"><label for=\"user_login-1080\">Nom d&#039;utilisateur<\/label><div class=\"um-clear\"><\/div><\/div><div class=\"um-field-area\"><input  autocomplete=\"off\" class=\"um-form-field valid\" type=\"text\" name=\"user_login-1080\" id=\"user_login-1080\" value=\"\" placeholder=\"\" data-validate=\"unique_username\" data-key=\"user_login\"  aria-invalid=\"false\" \/>\n\n\t\t\t\t\t\t<\/div><\/div><div  id=\"um_field_1080_last_name\" class=\"um-field um-field-text  um-field-last_name um-field-text um-field-type_text\" data-key=\"last_name\"><div class=\"um-field-label\"><label for=\"last_name-1080\">Achternaam<\/label><div class=\"um-clear\"><\/div><\/div><div class=\"um-field-area\"><input  autocomplete=\"off\" class=\"um-form-field valid not-required\" type=\"text\" name=\"last_name-1080\" id=\"last_name-1080\" value=\"\" placeholder=\"\" data-validate=\"\" data-key=\"last_name\"  aria-invalid=\"false\" \/>\n\n\t\t\t\t\t\t<\/div><\/div><div  id=\"um_field_1080_user_password\" class=\"um-field um-field-password  um-field-user_password um-field-password um-field-type_password\" data-key=\"user_password\"><div class=\"um-field-label\"><label for=\"user_password-1080\">Password<\/label><div class=\"um-clear\"><\/div><\/div><div class=\"um-field-area\"><input class=\"um-form-field valid\" type=\"password\" name=\"user_password-1080\" id=\"user_password-1080\" value=\"\" placeholder=\"\" data-validate=\"\" data-key=\"user_password\"  aria-invalid=\"false\" \/>\n\n\t\t\t\t\t\t\t<\/div><\/div><div  id=\"um_field_1080_confirm_user_password\" class=\"um-field um-field-password  um-field-user_password um-field-password um-field-type_password\" data-key=\"confirm_user_password\"><div class=\"um-field-label\"><label for=\"confirm_user_password-1080\">Confirm Password<\/label><div class=\"um-clear\"><\/div><\/div><div class=\"um-field-area\"><input class=\"um-form-field valid\" type=\"password\" name=\"confirm_user_password-1080\" id=\"confirm_user_password-1080\" value=\"\" placeholder=\"Confirm Password\" data-validate=\"\" data-key=\"confirm_user_password\"  aria-invalid=\"false\" \/><\/div><\/div><div  id=\"um_field_1080_phone_number\" class=\"um-field um-field-tel  um-field-phone_number um-field-tel um-field-type_tel\" data-key=\"phone_number\"><div class=\"um-field-label\"><label for=\"phone_number-1080\">Num\u00e9ro de t\u00e9l\u00e9phone<\/label><div class=\"um-clear\"><\/div><\/div><div class=\"um-field-area\"><input  autocomplete=\"off\" class=\"um-form-field valid not-required\" type=\"tel\" name=\"phone_number-1080\" id=\"phone_number-1080\" value=\"\" placeholder=\"\" data-validate=\"phone_number\" data-key=\"phone_number\"  aria-invalid=\"false\" \/>\n\n\t\t\t\t\t\t<\/div><\/div><\/div><div class=\"um-clear\"><\/div><\/div><div class=\"um-row _um_row_2\" style=\"margin: 0 0 30px 0;\"><div class=\"um-col-131\"><div  id=\"um_field_1080_agrement_cocof\" class=\"um-field um-field-multiselect  um-field-agrement_cocof um-field-multiselect um-field-type_multiselect\" data-key=\"agrement_cocof\"><div class=\"um-field-label\"><label for=\"agrement_cocof-1080\">Disposez-vous d\u2019un agr\u00e9ment COCOF ?<\/label><div class=\"um-clear\"><\/div><\/div><div class=\"um-field-area\"><select   multiple=\"multiple\" name=\"agrement_cocof[]\" id=\"agrement_cocof\" data-maxsize=\"0\" data-validate=\"\" data-key=\"agrement_cocof\" class=\"um-form-field valid not-required um-s1\" style=\"width: 100%\" data-placeholder=\"Merci de renseigner votre secteur\"  aria-invalid=\"false\" ><option value=\"\"><\/option><option value=\"ASSS: Social Sant\u00e9\" >ASSS: Social Sant\u00e9<\/option><option value=\"ETA\" >verwachte aankomsttijd<\/option><option value=\"ISAJH\" >ISAJH<\/option><option value=\"SAD\" >VERDRIET<\/option><option value=\"ISP\" >ISP<\/option><option value=\"Coh\u00e9sion Sociale\" >Sociale cohesie<\/option><option value=\"Autre\" >Andere<\/option><\/select><\/div><\/div><\/div><div class=\"um-col-132\"><div  id=\"um_field_1080_agrement_cocom\" class=\"um-field um-field-multiselect  um-field-agrement_cocom um-field-multiselect um-field-type_multiselect\" data-key=\"agrement_cocom\"><div class=\"um-field-label\"><label for=\"agrement_cocom-1080\">Disposez-vous d\u2019un agr\u00e9ment COCOM ?<\/label><div class=\"um-clear\"><\/div><\/div><div class=\"um-field-area\"><select   multiple=\"multiple\" name=\"agrement_cocom[]\" id=\"agrement_cocom\" data-maxsize=\"0\" data-validate=\"\" data-key=\"agrement_cocom\" class=\"um-form-field valid not-required um-s1\" style=\"width: 100%\" data-placeholder=\"Merci de renseigner votre secteur\"  aria-invalid=\"false\" ><option value=\"\"><\/option><option value=\"Aides et Soins\" >Hulp en zorg<\/option><option value=\"Sant\u00e9 Mentale\" >Mentale gezondheid<\/option><option value=\"Personnes en situation de Handicap\" >Mensen met een handicap<\/option><option value=\"Seniors\" >Senioren<\/option><option value=\"Sans-abri\" >Daklozen<\/option><option value=\"Autre\" >Andere<\/option><\/select><\/div><\/div><\/div><div class=\"um-col-133\"><div  id=\"um_field_1080_interet\" class=\"um-field um-field-multiselect  um-field-interet um-field-multiselect um-field-type_multiselect\" data-key=\"interet\"><div class=\"um-field-label\"><label for=\"interet-1080\">Je suis int\u00e9ress\u00e9 par<\/label><div class=\"um-clear\"><\/div><\/div><div class=\"um-field-area\"><select   multiple=\"multiple\" name=\"interet[]\" id=\"interet\" data-maxsize=\"0\" data-validate=\"\" data-key=\"interet\" class=\"um-form-field valid um-s1\" style=\"width: 100%\" data-placeholder=\"Faites votre choix\"  aria-invalid=\"false\" ><option value=\"\"><\/option><option value=\"BOBET\" >BOBET<\/option><option value=\"Le Guide\" >Le Guide<\/option><option value=\"Les deux\" >Les deux<\/option><\/select><\/div><\/div><\/div><div class=\"um-clear\"><\/div><\/div>\n<!-- This file should primarily consist of HTML with a little bit of PHP. -->\n<div class=\"um-field um-field-type_terms_conditions\" data-key=\"use_terms_conditions_agreement\" style=\"display:block;padding:0;\">\n\t<div class=\"um-field-area\">\n\t\t<div class=\"um-gdpr-content\" style=\"display:none;\">\n\t\t\t\t\t<\/div>\n\t\t<a href=\"javascript:void(0);\" class=\"um-toggle-gdpr\" data-toggle-state=\"hidden\"\n\t\t\tdata-toggle-show=\"Afficher la politique de confidentialit\u00e9\"\n\t\t\tdata-toggle-hide=\"Masquer la politique de confidentialit\u00e9\">\n\t\t\tBekijk het privacybeleid\t\t<\/a>\n\t<\/div>\n\t<div class=\"um-field-area\">\n\t\t<label class=\"um-field-checkbox\">\n\t\t\t<input type=\"checkbox\" name=\"use_gdpr_agreement\" value=\"1\">\n\t\t\t<span class=\"um-field-checkbox-state\"><i class=\"um-icon-android-checkbox-outline-blank\"><\/i><\/span>\n\t\t\t<span class=\"um-field-checkbox-option\">Bevestig dat u ons privacybeleid accepteert<\/span>\n\t\t<\/label>\n\t\t<div class=\"um-clear\"><\/div>\n\t\t\t\t<div class=\"um-clear\"><\/div>\n\t<\/div>\n<\/div>\n\t<input type=\"hidden\" name=\"form_id\" id=\"form_id_1080\" value=\"1080\" \/>\n\t\t<p class=\"um_request_name\">\n\t\t<label for=\"um_request_1080\">Only fill in if you are not human<\/label>\n\t\t<input type=\"hidden\" name=\"um_request\" id=\"um_request_1080\" class=\"input\" value=\"\" size=\"25\" autocomplete=\"off\" \/>\n\t<\/p>\n\t<input type=\"hidden\" id=\"_wpnonce\" name=\"_wpnonce\" value=\"dd6a7482a0\" \/><input type=\"hidden\" name=\"_wp_http_referer\" value=\"\/nl\/wp-json\/wp\/v2\/pages\/1092\" \/>\n\t<div class=\"um-col-alt\">\n\n\t\t\n\t\t\t<div class=\"um-left um-half\">\n\t\t\t\t<input type=\"submit\" value=\"Register\" class=\"um-button\" id=\"um-submit-btn\" \/>\n\t\t\t<\/div>\n\t\t\t<div class=\"um-right um-half\">\n\t\t\t\t<a href=\"https:\/\/abbet.be\/nl\/login\/\" class=\"um-button um-alt\">\n\t\t\t\t\tVerbinding\t\t\t\t<\/a>\n\t\t\t<\/div>\n\n\t\t\n\t\t<div class=\"um-clear\"><\/div>\n\n\t<\/div>\n\n\t\t\t<input type=\"hidden\" name=\"trp-form-language\" value=\"nl\"\/><\/form>\n\t<\/div>\n<\/div>\n<style>\n\t\t\t.um-1080.um {\n\t\t\tmax-width: 100%;\n\t\t}\n\t\t<\/style>\n<\/div>\n\t\t\t\t\t\t<\/div>\n\t\t\t\t\t<\/div>\n\t\t<\/div>\n\t\t\t\t\t<\/div>\n\t\t<\/section>\n\t\t\t\t<\/div>","protected":false},"excerpt":{"rendered":"<p>Retour \u00e0 l&#8217;accueil<\/p>","protected":false},"author":1,"featured_media":0,"parent":0,"menu_order":10,"comment_status":"closed","ping_status":"closed","template":"elementor_canvas","meta":{"_acf_changed":false,"_seopress_robots_primary_cat":"","_seopress_titles_title":"","_seopress_titles_desc":"","_seopress_robots_index":"","footnotes":""},"categories":[],"tags":[],"class_list":["post-1092","page","type-page","status-publish","hentry"],"acf":[],"_links":{"self":[{"href":"https:\/\/abbet.be\/nl\/wp-json\/wp\/v2\/pages\/1092","targetHints":{"allow":["GET"]}}],"collection":[{"href":"https:\/\/abbet.be\/nl\/wp-json\/wp\/v2\/pages"}],"about":[{"href":"https:\/\/abbet.be\/nl\/wp-json\/wp\/v2\/types\/page"}],"author":[{"embeddable":true,"href":"https:\/\/abbet.be\/nl\/wp-json\/wp\/v2\/users\/1"}],"replies":[{"embeddable":true,"href":"https:\/\/abbet.be\/nl\/wp-json\/wp\/v2\/comments?post=1092"}],"version-history":[{"count":0,"href":"https:\/\/abbet.be\/nl\/wp-json\/wp\/v2\/pages\/1092\/revisions"}],"wp:attachment":[{"href":"https:\/\/abbet.be\/nl\/wp-json\/wp\/v2\/media?parent=1092"}],"wp:term":[{"taxonomy":"category","embeddable":true,"href":"https:\/\/abbet.be\/nl\/wp-json\/wp\/v2\/categories?post=1092"},{"taxonomy":"post_tag","embeddable":true,"href":"https:\/\/abbet.be\/nl\/wp-json\/wp\/v2\/tags?post=1092"}],"curies":[{"name":"wp","href":"https:\/\/api.w.org\/{rel}","templated":true}]}}